{"id":254,"date":"2016-01-21T10:07:29","date_gmt":"2016-01-21T10:07:29","guid":{"rendered":"http:\/\/www.atelierles.sk\/?page_id=254"},"modified":"2026-03-10T14:12:14","modified_gmt":"2026-03-10T13:12:14","slug":"2-2","status":"publish","type":"page","link":"https:\/\/www.atelierles.sk\/index.php\/2-2\/","title":{"rendered":"2%"},"content":{"rendered":"<p>Mil\u00ed priatelia,<\/p>\n<p style=\"text-align: justify;\">Lesn\u00fd klub Ateli\u00e9r LES poskytuje z\u00e1zemie de\u0165om v pred\u0161kolskom a \u0161kolskom veku v spojen\u00ed s pr\u00edrodou, prirodzen\u00fdm pre\u017e\u00edvan\u00edm detstva a podporuje v de\u0165och vz\u00e1jomn\u00fd re\u0161pekt, empatiu a kreativitu.<\/p>\n<p style=\"text-align: justify;\">Vytv\u00e1ra priestor pre u\u017e\u0161ie soci\u00e1lne spolu\u017eitie rod\u00edn, vz\u00e1jomn\u00fa pomoc, v\u00fdmenu, podporu a spolupr\u00e1cu. Propaguje enviromen\u00e1lnu v\u00fdchovu, organizuje \u0161kolenia, predn\u00e1\u0161ky a semin\u00e1re v oblasti v\u00fdchovy, vzdel\u00e1vania a osobnostn\u00e9ho rozvoja.<\/p>\n<p style=\"text-align: justify;\">Ak by ste chceli podpori\u0165 na\u0161e aktivity, m\u00f4\u017eete darova\u0165 va\u0161e 2% na na\u0161e aktivty prostredn\u00edctvom ob\u010dianskeho zdru\u017eenia <strong>Ateli\u00e9r 33, I\u010cO: 42415179<\/strong><\/p>\n<p style=\"text-align: justify;\">Tu je kr\u00e1tke zhrnutie toho, \u010do sme za\u017eili v uplynul\u00fdch rokoch:<\/p>\n<p><a href=\"http:\/\/www.atelierles.sk\/wp-content\/uploads\/2015\/05\/photo1.jpg\" rel=\"attachment wp-att-19\"><img loading=\"lazy\" decoding=\"async\" class=\"alignnone wp-image-19\" src=\"http:\/\/www.atelierles.sk\/wp-content\/uploads\/2015\/05\/photo1-1024x768.jpg\" alt=\"photo\" width=\"249\" height=\"186\" srcset=\"https:\/\/www.atelierles.sk\/wp-content\/uploads\/2015\/05\/photo1-1024x768.jpg 1024w, https:\/\/www.atelierles.sk\/wp-content\/uploads\/2015\/05\/photo1-300x225.jpg 300w, https:\/\/www.atelierles.sk\/wp-content\/uploads\/2015\/05\/photo1.jpg 1632w\" sizes=\"auto, (max-width: 249px) 100vw, 249px\" \/><\/a><a href=\"http:\/\/www.atelierles.sk\/wp-content\/uploads\/2015\/05\/20150129_120345.jpg\" rel=\"attachment wp-att-34\"><img loading=\"lazy\" decoding=\"async\" class=\"alignnone wp-image-34\" src=\"http:\/\/www.atelierles.sk\/wp-content\/uploads\/2015\/05\/20150129_120345-768x1024.jpg\" alt=\"20150129_120345\" width=\"179\" height=\"238\" srcset=\"https:\/\/www.atelierles.sk\/wp-content\/uploads\/2015\/05\/20150129_120345-768x1024.jpg 768w, https:\/\/www.atelierles.sk\/wp-content\/uploads\/2015\/05\/20150129_120345-225x300.jpg 225w, https:\/\/www.atelierles.sk\/wp-content\/uploads\/2015\/05\/20150129_120345.jpg 1920w\" sizes=\"auto, (max-width: 179px) 100vw, 179px\" \/><\/a><a href=\"http:\/\/www.atelierles.sk\/wp-content\/uploads\/2015\/05\/detska-joga.jpg\" rel=\"attachment wp-att-123\"><img loading=\"lazy\" decoding=\"async\" class=\"alignnone wp-image-123\" src=\"http:\/\/www.atelierles.sk\/wp-content\/uploads\/2015\/05\/detska-joga.jpg\" alt=\"detska joga\" width=\"179\" height=\"238\" srcset=\"https:\/\/www.atelierles.sk\/wp-content\/uploads\/2015\/05\/detska-joga.jpg 475w, https:\/\/www.atelierles.sk\/wp-content\/uploads\/2015\/05\/detska-joga-225x300.jpg 225w\" sizes=\"auto, (max-width: 179px) 100vw, 179px\" \/><\/a><\/p>\n<p><a href=\"http:\/\/www.atelierles.sk\/wp-content\/uploads\/2015\/05\/photo-41.jpg\" rel=\"attachment wp-att-45\"><img loading=\"lazy\" decoding=\"async\" class=\"alignnone wp-image-45\" src=\"http:\/\/www.atelierles.sk\/wp-content\/uploads\/2015\/05\/photo-41.jpg\" alt=\"photo 4\" width=\"290\" height=\"217\" srcset=\"https:\/\/www.atelierles.sk\/wp-content\/uploads\/2015\/05\/photo-41.jpg 640w, https:\/\/www.atelierles.sk\/wp-content\/uploads\/2015\/05\/photo-41-300x225.jpg 300w\" sizes=\"auto, (max-width: 290px) 100vw, 290px\" \/><\/a><a href=\"http:\/\/www.atelierles.sk\/wp-content\/uploads\/2016\/01\/photo-1-1.jpg\" rel=\"attachment wp-att-269\"><img loading=\"lazy\" decoding=\"async\" class=\"alignnone wp-image-269\" src=\"http:\/\/www.atelierles.sk\/wp-content\/uploads\/2016\/01\/photo-1-1.jpg\" alt=\"photo 1-1\" width=\"289\" height=\"217\" srcset=\"https:\/\/www.atelierles.sk\/wp-content\/uploads\/2016\/01\/photo-1-1.jpg 640w, https:\/\/www.atelierles.sk\/wp-content\/uploads\/2016\/01\/photo-1-1-300x225.jpg 300w\" sizes=\"auto, (max-width: 289px) 100vw, 289px\" \/><\/a><\/p>\n<p><a href=\"http:\/\/www.atelierles.sk\/wp-content\/uploads\/2015\/05\/20150116_140328.jpg\" rel=\"attachment wp-att-93\"><img loading=\"lazy\" decoding=\"async\" class=\"alignnone wp-image-93\" src=\"http:\/\/www.atelierles.sk\/wp-content\/uploads\/2015\/05\/20150116_140328-1024x768.jpg\" alt=\"20150116_140328\" width=\"289\" height=\"216\" srcset=\"https:\/\/www.atelierles.sk\/wp-content\/uploads\/2015\/05\/20150116_140328-1024x768.jpg 1024w, https:\/\/www.atelierles.sk\/wp-content\/uploads\/2015\/05\/20150116_140328-300x225.jpg 300w\" sizes=\"auto, (max-width: 289px) 100vw, 289px\" \/><\/a><a href=\"http:\/\/www.atelierles.sk\/wp-content\/uploads\/2015\/05\/cropped-photo.jpg\" rel=\"attachment wp-att-6\"><img loading=\"lazy\" decoding=\"async\" class=\"alignnone wp-image-6\" src=\"http:\/\/www.atelierles.sk\/wp-content\/uploads\/2015\/05\/cropped-photo-1024x642.jpg\" alt=\"cropped-photo.jpg\" width=\"347\" height=\"217\" srcset=\"https:\/\/www.atelierles.sk\/wp-content\/uploads\/2015\/05\/cropped-photo-1024x642.jpg 1024w, https:\/\/www.atelierles.sk\/wp-content\/uploads\/2015\/05\/cropped-photo-300x188.jpg 300w, https:\/\/www.atelierles.sk\/wp-content\/uploads\/2015\/05\/cropped-photo.jpg 1440w\" sizes=\"auto, (max-width: 347px) 100vw, 347px\" \/><\/a><\/p>\n<p><a href=\"http:\/\/www.atelierles.sk\/wp-content\/uploads\/2015\/05\/IMG_5364.jpeg\" rel=\"attachment wp-att-35\"><img loading=\"lazy\" decoding=\"async\" class=\" wp-image-35\" src=\"http:\/\/www.atelierles.sk\/wp-content\/uploads\/2015\/05\/IMG_5364-1024x683.jpeg\" alt=\"Processed with VSCOcam with f2 preset\" width=\"323\" height=\"215\" srcset=\"https:\/\/www.atelierles.sk\/wp-content\/uploads\/2015\/05\/IMG_5364-1024x683.jpeg 1024w, https:\/\/www.atelierles.sk\/wp-content\/uploads\/2015\/05\/IMG_5364-300x200.jpeg 300w, https:\/\/www.atelierles.sk\/wp-content\/uploads\/2015\/05\/IMG_5364.jpeg 1632w\" sizes=\"auto, (max-width: 323px) 100vw, 323px\" \/><\/a><a href=\"http:\/\/www.atelierles.sk\/wp-content\/uploads\/2015\/05\/photo-2-2.jpg\" rel=\"attachment wp-att-73\"><img loading=\"lazy\" decoding=\"async\" class=\"alignnone wp-image-73\" src=\"http:\/\/www.atelierles.sk\/wp-content\/uploads\/2015\/05\/photo-2-2-1024x768.jpg\" alt=\"photo 2-2\" width=\"288\" height=\"216\" srcset=\"https:\/\/www.atelierles.sk\/wp-content\/uploads\/2015\/05\/photo-2-2-1024x768.jpg 1024w, https:\/\/www.atelierles.sk\/wp-content\/uploads\/2015\/05\/photo-2-2-300x225.jpg 300w, https:\/\/www.atelierles.sk\/wp-content\/uploads\/2015\/05\/photo-2-2.jpg 1632w\" sizes=\"auto, (max-width: 288px) 100vw, 288px\" \/><\/a><\/p>\n<p><a href=\"http:\/\/www.atelierles.sk\/wp-content\/uploads\/2016\/01\/11261041_10207283649277465_1147935380_n-1.jpg\" rel=\"attachment wp-att-256\"><img loading=\"lazy\" decoding=\"async\" class=\"alignnone wp-image-256\" src=\"http:\/\/www.atelierles.sk\/wp-content\/uploads\/2016\/01\/11261041_10207283649277465_1147935380_n-1.jpg\" alt=\"11261041_10207283649277465_1147935380_n (1)\" width=\"271\" height=\"203\" srcset=\"https:\/\/www.atelierles.sk\/wp-content\/uploads\/2016\/01\/11261041_10207283649277465_1147935380_n-1.jpg 960w, https:\/\/www.atelierles.sk\/wp-content\/uploads\/2016\/01\/11261041_10207283649277465_1147935380_n-1-300x225.jpg 300w, https:\/\/www.atelierles.sk\/wp-content\/uploads\/2016\/01\/11261041_10207283649277465_1147935380_n-1-768x576.jpg 768w\" sizes=\"auto, (max-width: 271px) 100vw, 271px\" \/><\/a><a href=\"http:\/\/www.atelierles.sk\/wp-content\/uploads\/2015\/12\/20150917_191127.jpg\" rel=\"attachment wp-att-239\"><img loading=\"lazy\" decoding=\"async\" class=\"alignnone wp-image-239\" src=\"http:\/\/www.atelierles.sk\/wp-content\/uploads\/2015\/12\/20150917_191127-1024x576.jpg\" alt=\"20150917_191127\" width=\"364\" height=\"205\" srcset=\"https:\/\/www.atelierles.sk\/wp-content\/uploads\/2015\/12\/20150917_191127-1024x576.jpg 1024w, https:\/\/www.atelierles.sk\/wp-content\/uploads\/2015\/12\/20150917_191127-300x169.jpg 300w, https:\/\/www.atelierles.sk\/wp-content\/uploads\/2015\/12\/20150917_191127-768x432.jpg 768w\" sizes=\"auto, (max-width: 364px) 100vw, 364px\" \/><\/a><\/p>\n<p><a href=\"http:\/\/www.atelierles.sk\/wp-content\/uploads\/2015\/12\/IMG_5897.jpg\" rel=\"attachment wp-att-248\"><img loading=\"lazy\" decoding=\"async\" class=\"alignnone wp-image-248\" src=\"http:\/\/www.atelierles.sk\/wp-content\/uploads\/2015\/12\/IMG_5897-1024x768.jpg\" alt=\"IMG_5897\" width=\"317\" height=\"237\" srcset=\"https:\/\/www.atelierles.sk\/wp-content\/uploads\/2015\/12\/IMG_5897-1024x768.jpg 1024w, https:\/\/www.atelierles.sk\/wp-content\/uploads\/2015\/12\/IMG_5897-300x225.jpg 300w, https:\/\/www.atelierles.sk\/wp-content\/uploads\/2015\/12\/IMG_5897-768x576.jpg 768w\" sizes=\"auto, (max-width: 317px) 100vw, 317px\" \/><\/a><a href=\"http:\/\/www.atelierles.sk\/wp-content\/uploads\/2015\/05\/11215951_10207023084083498_61685315_n.jpg\" rel=\"attachment wp-att-92\"><img loading=\"lazy\" decoding=\"async\" class=\"alignnone wp-image-92\" src=\"http:\/\/www.atelierles.sk\/wp-content\/uploads\/2015\/05\/11215951_10207023084083498_61685315_n.jpg\" alt=\"11215951_10207023084083498_61685315_n\" width=\"216\" height=\"288\" srcset=\"https:\/\/www.atelierles.sk\/wp-content\/uploads\/2015\/05\/11215951_10207023084083498_61685315_n.jpg 720w, https:\/\/www.atelierles.sk\/wp-content\/uploads\/2015\/05\/11215951_10207023084083498_61685315_n-225x300.jpg 225w\" sizes=\"auto, (max-width: 216px) 100vw, 216px\" \/><\/a><\/p>\n<p><a href=\"http:\/\/www.atelierles.sk\/wp-content\/uploads\/2016\/01\/IMG_5547.jpg\" rel=\"attachment wp-att-258\"><img loading=\"lazy\" decoding=\"async\" class=\"alignnone wp-image-258\" src=\"http:\/\/www.atelierles.sk\/wp-content\/uploads\/2016\/01\/IMG_5547-1024x768.jpg\" alt=\"IMG_5547\" width=\"304\" height=\"228\" srcset=\"https:\/\/www.atelierles.sk\/wp-content\/uploads\/2016\/01\/IMG_5547-1024x768.jpg 1024w, https:\/\/www.atelierles.sk\/wp-content\/uploads\/2016\/01\/IMG_5547-300x225.jpg 300w, https:\/\/www.atelierles.sk\/wp-content\/uploads\/2016\/01\/IMG_5547-768x576.jpg 768w, https:\/\/www.atelierles.sk\/wp-content\/uploads\/2016\/01\/IMG_5547.jpg 1632w\" sizes=\"auto, (max-width: 304px) 100vw, 304px\" \/><\/a><a href=\"http:\/\/www.atelierles.sk\/wp-content\/uploads\/2016\/01\/IMG_5551.jpg\" rel=\"attachment wp-att-257\"><img loading=\"lazy\" decoding=\"async\" class=\"alignnone wp-image-257\" src=\"http:\/\/www.atelierles.sk\/wp-content\/uploads\/2016\/01\/IMG_5551-1024x768.jpg\" alt=\"IMG_5551\" width=\"303\" height=\"227\" srcset=\"https:\/\/www.atelierles.sk\/wp-content\/uploads\/2016\/01\/IMG_5551-1024x768.jpg 1024w, https:\/\/www.atelierles.sk\/wp-content\/uploads\/2016\/01\/IMG_5551-300x225.jpg 300w, https:\/\/www.atelierles.sk\/wp-content\/uploads\/2016\/01\/IMG_5551-768x576.jpg 768w, https:\/\/www.atelierles.sk\/wp-content\/uploads\/2016\/01\/IMG_5551.jpg 1632w\" sizes=\"auto, (max-width: 303px) 100vw, 303px\" \/><\/a><a href=\"http:\/\/www.atelierles.sk\/wp-content\/uploads\/2016\/01\/11868595_10207743205126074_742120582_n.jpg\" rel=\"attachment wp-att-268\"><img loading=\"lazy\" decoding=\"async\" class=\"alignnone wp-image-268\" src=\"http:\/\/www.atelierles.sk\/wp-content\/uploads\/2016\/01\/11868595_10207743205126074_742120582_n.jpg\" alt=\"11868595_10207743205126074_742120582_n\" width=\"312\" height=\"234\" srcset=\"https:\/\/www.atelierles.sk\/wp-content\/uploads\/2016\/01\/11868595_10207743205126074_742120582_n.jpg 960w, https:\/\/www.atelierles.sk\/wp-content\/uploads\/2016\/01\/11868595_10207743205126074_742120582_n-300x225.jpg 300w, https:\/\/www.atelierles.sk\/wp-content\/uploads\/2016\/01\/11868595_10207743205126074_742120582_n-768x576.jpg 768w\" sizes=\"auto, (max-width: 312px) 100vw, 312px\" \/><\/a><\/p>\n<p><a href=\"http:\/\/www.atelierles.sk\/wp-content\/uploads\/2016\/01\/12006461_1664680873748496_8709712487982025955_o.jpg\" rel=\"attachment wp-att-275\"><img loading=\"lazy\" decoding=\"async\" class=\"alignnone wp-image-275\" src=\"http:\/\/www.atelierles.sk\/wp-content\/uploads\/2016\/01\/12006461_1664680873748496_8709712487982025955_o-1024x576.jpg\" alt=\"12006461_1664680873748496_8709712487982025955_o\" width=\"503\" height=\"283\" srcset=\"https:\/\/www.atelierles.sk\/wp-content\/uploads\/2016\/01\/12006461_1664680873748496_8709712487982025955_o-1024x576.jpg 1024w, https:\/\/www.atelierles.sk\/wp-content\/uploads\/2016\/01\/12006461_1664680873748496_8709712487982025955_o-300x169.jpg 300w, https:\/\/www.atelierles.sk\/wp-content\/uploads\/2016\/01\/12006461_1664680873748496_8709712487982025955_o-768x432.jpg 768w, https:\/\/www.atelierles.sk\/wp-content\/uploads\/2016\/01\/12006461_1664680873748496_8709712487982025955_o.jpg 2048w\" sizes=\"auto, (max-width: 503px) 100vw, 503px\" \/><\/a><a href=\"http:\/\/www.atelierles.sk\/wp-content\/uploads\/2015\/12\/24092015-e1450351973737.jpg\" rel=\"attachment wp-att-238\"><img loading=\"lazy\" decoding=\"async\" class=\"alignnone wp-image-238\" src=\"http:\/\/www.atelierles.sk\/wp-content\/uploads\/2015\/12\/24092015-e1450351973737-768x1024.jpg\" alt=\"24092015\" width=\"244\" height=\"326\" srcset=\"https:\/\/www.atelierles.sk\/wp-content\/uploads\/2015\/12\/24092015-e1450351973737-768x1024.jpg 768w, https:\/\/www.atelierles.sk\/wp-content\/uploads\/2015\/12\/24092015-e1450351973737-225x300.jpg 225w, https:\/\/www.atelierles.sk\/wp-content\/uploads\/2015\/12\/24092015-e1450351973737.jpg 1200w\" sizes=\"auto, (max-width: 244px) 100vw, 244px\" \/><\/a><a href=\"http:\/\/www.atelierles.sk\/wp-content\/uploads\/2016\/01\/11150169_1660726320810618_4703568707699166481_n.jpg\" rel=\"attachment wp-att-276\"><img loading=\"lazy\" decoding=\"async\" class=\"alignnone wp-image-276\" src=\"http:\/\/www.atelierles.sk\/wp-content\/uploads\/2016\/01\/11150169_1660726320810618_4703568707699166481_n.jpg\" alt=\"11150169_1660726320810618_4703568707699166481_n\" width=\"434\" height=\"326\" srcset=\"https:\/\/www.atelierles.sk\/wp-content\/uploads\/2016\/01\/11150169_1660726320810618_4703568707699166481_n.jpg 640w, https:\/\/www.atelierles.sk\/wp-content\/uploads\/2016\/01\/11150169_1660726320810618_4703568707699166481_n-300x225.jpg 300w\" sizes=\"auto, (max-width: 434px) 100vw, 434px\" \/><\/a><\/p>\n<p><a href=\"http:\/\/www.atelierles.sk\/wp-content\/uploads\/2016\/01\/12304546_479495525555175_7126166894262304386_o.jpg\" rel=\"attachment wp-att-259\"><img loading=\"lazy\" decoding=\"async\" class=\"alignnone wp-image-259\" src=\"http:\/\/www.atelierles.sk\/wp-content\/uploads\/2016\/01\/12304546_479495525555175_7126166894262304386_o-768x1024.jpg\" alt=\"12304546_479495525555175_7126166894262304386_o\" width=\"256\" height=\"341\" srcset=\"https:\/\/www.atelierles.sk\/wp-content\/uploads\/2016\/01\/12304546_479495525555175_7126166894262304386_o-768x1024.jpg 768w, https:\/\/www.atelierles.sk\/wp-content\/uploads\/2016\/01\/12304546_479495525555175_7126166894262304386_o-225x300.jpg 225w, https:\/\/www.atelierles.sk\/wp-content\/uploads\/2016\/01\/12304546_479495525555175_7126166894262304386_o.jpg 1224w\" sizes=\"auto, (max-width: 256px) 100vw, 256px\" \/><\/a><a href=\"http:\/\/www.atelierles.sk\/wp-content\/uploads\/2016\/01\/12356950_483805111790883_1843513788281378116_o.jpg\" rel=\"attachment wp-att-261\"><img loading=\"lazy\" decoding=\"async\" class=\"alignnone wp-image-261\" src=\"http:\/\/www.atelierles.sk\/wp-content\/uploads\/2016\/01\/12356950_483805111790883_1843513788281378116_o-1024x768.jpg\" alt=\"12356950_483805111790883_1843513788281378116_o\" width=\"320\" height=\"240\" srcset=\"https:\/\/www.atelierles.sk\/wp-content\/uploads\/2016\/01\/12356950_483805111790883_1843513788281378116_o-1024x768.jpg 1024w, https:\/\/www.atelierles.sk\/wp-content\/uploads\/2016\/01\/12356950_483805111790883_1843513788281378116_o-300x225.jpg 300w, https:\/\/www.atelierles.sk\/wp-content\/uploads\/2016\/01\/12356950_483805111790883_1843513788281378116_o-768x576.jpg 768w, https:\/\/www.atelierles.sk\/wp-content\/uploads\/2016\/01\/12356950_483805111790883_1843513788281378116_o.jpg 1224w\" sizes=\"auto, (max-width: 320px) 100vw, 320px\" \/><\/a><\/p>\n<p><a href=\"http:\/\/www.atelierles.sk\/wp-content\/uploads\/2026\/03\/Vyhlasenie_2026.pdf\">Vyhl\u00e1senie_2026<\/a><\/p>\n<p>\u010eakujeme!<\/p>\n<p>Ateli\u00e9r LES<\/p>\n","protected":false},"excerpt":{"rendered":"<p>Mil\u00ed priatelia, Lesn\u00fd klub Ateli\u00e9r LES poskytuje z\u00e1zemie de\u0165om v pred\u0161kolskom a \u0161kolskom veku v spojen\u00ed s pr\u00edrodou, prirodzen\u00fdm pre\u017e\u00edvan\u00edm detstva a podporuje v de\u0165och vz\u00e1jomn\u00fd re\u0161pekt, empatiu a kreativitu. Vytv\u00e1ra priestor pre u\u017e\u0161ie soci\u00e1lne spolu\u017eitie rod\u00edn, vz\u00e1jomn\u00fa pomoc, v\u00fdmenu, podporu a spolupr\u00e1cu. Propaguje enviromen\u00e1lnu v\u00fdchovu, organizuje \u0161kolenia, predn\u00e1\u0161ky a semin\u00e1re v oblasti v\u00fdchovy, vzdel\u00e1vania &hellip; <a href=\"https:\/\/www.atelierles.sk\/index.php\/2-2\/\" class=\"more-link\">Continue reading <span class=\"screen-reader-text\">2%<\/span><\/a><\/p>\n","protected":false},"author":2,"featured_media":0,"parent":0,"menu_order":5,"comment_status":"closed","ping_status":"closed","template":"","meta":{"footnotes":""},"class_list":["post-254","page","type-page","status-publish","hentry"],"_links":{"self":[{"href":"https:\/\/www.atelierles.sk\/index.php\/wp-json\/wp\/v2\/pages\/254","targetHints":{"allow":["GET"]}}],"collection":[{"href":"https:\/\/www.atelierles.sk\/index.php\/wp-json\/wp\/v2\/pages"}],"about":[{"href":"https:\/\/www.atelierles.sk\/index.php\/wp-json\/wp\/v2\/types\/page"}],"author":[{"embeddable":true,"href":"https:\/\/www.atelierles.sk\/index.php\/wp-json\/wp\/v2\/users\/2"}],"replies":[{"embeddable":true,"href":"https:\/\/www.atelierles.sk\/index.php\/wp-json\/wp\/v2\/comments?post=254"}],"version-history":[{"count":11,"href":"https:\/\/www.atelierles.sk\/index.php\/wp-json\/wp\/v2\/pages\/254\/revisions"}],"predecessor-version":[{"id":8673,"href":"https:\/\/www.atelierles.sk\/index.php\/wp-json\/wp\/v2\/pages\/254\/revisions\/8673"}],"wp:attachment":[{"href":"https:\/\/www.atelierles.sk\/index.php\/wp-json\/wp\/v2\/media?parent=254"}],"curies":[{"name":"wp","href":"https:\/\/api.w.org\/{rel}","templated":true}]}}