{"id":56,"date":"2015-05-22T21:58:28","date_gmt":"2015-05-22T21:58:28","guid":{"rendered":"http:\/\/www.atelierles.sk\/?page_id=56"},"modified":"2026-03-27T15:19:59","modified_gmt":"2026-03-27T14:19:59","slug":"kontakt","status":"publish","type":"page","link":"https:\/\/www.atelierles.sk\/index.php\/kontakt\/","title":{"rendered":"Kontakty"},"content":{"rendered":"<p>Adresa:<\/p>\n<p><strong>Lesn\u00fd klub Ateli\u00e9r LES<\/strong>, Pri Suchom mlyne 33a, 811 04 Bratislava<br \/>\n<strong>SZ\u0160 Ateli\u00e9r (1. stupe\u0148)<\/strong>, Be\u0148adick\u00e1 38, 851 06 Bratislava<br \/>\n<strong>\u017dI TO (2. stupe\u0148)<\/strong>, Nov\u00e1 Cvernovka, Ra\u010dianska 78, 83102 Bratislava<br \/>\nAteli\u00e9r LES zastre\u0161uje zdru\u017eenie fyzick\u00fdch os\u00f4b Kamar\u00e1ti Ateli\u00e9ru LES.\u00a0 \u017dITO funguje pod ob\u010dianskym zdru\u017een\u00edm Ateli\u00e9r 33.<\/p>\n<p><a href=\"mailto:miri@atelierles.sk\">miri@atelierles.sk<\/a>, Miri \u017deni\u0161ov\u00e1 0903 959 871 &#8211; vedenie zdru\u017eenia, info oh\u013eadom SZ\u0160 Ateli\u00e9r (1. stupe\u0148)<\/p>\n<p><a href=\"mailto:alica@atelierles.sk\">alica@atelierles.sk<\/a>, Alica Stodolovsk\u00e1 \u00a00905 795 401 &#8211; info oh\u013eadom \u017dITA (2.stupe\u0148)<\/p>\n<p><a href=\"mailto:mari.atelierles@gmail.com\">atelierles.lesnyklub@gmail.com <\/a>&#8211; info oh\u013eadom Lesn\u00e9ho klubu Ateli\u00e9r LES (vo\u013en\u00e9 miesta, pracovn\u00e9 poz\u00edcie)<\/p>\n<p>FB: <em><a href=\"http:\/\/www.facebook.com\/AtelierLESaSOULART\">Lesn\u00fd klub a pred\u0161kola ATELI\u00c9R LES<\/a><\/em><\/p>\n<p><em><a href=\"http:\/\/\u0160kola%20slobodn\u00e9ho%20u\u010denia%20Ateli\u00e9r%20Les\">\u0160kola slobodn\u00e9ho u\u010denia Ateli\u00e9r Les<\/a><\/em><\/p>\n<p>&nbsp;<\/p>\n","protected":false},"excerpt":{"rendered":"<p>Adresa: Lesn\u00fd klub Ateli\u00e9r LES, Pri Suchom mlyne 33a, 811 04 Bratislava SZ\u0160 Ateli\u00e9r (1. stupe\u0148), Be\u0148adick\u00e1 38, 851 06 Bratislava \u017dI TO (2. stupe\u0148), Nov\u00e1 Cvernovka, Ra\u010dianska 78, 83102 Bratislava Ateli\u00e9r LES zastre\u0161uje zdru\u017eenie fyzick\u00fdch os\u00f4b Kamar\u00e1ti Ateli\u00e9ru LES.\u00a0 \u017dITO funguje pod ob\u010dianskym zdru\u017een\u00edm Ateli\u00e9r 33. miri@atelierles.sk, Miri \u017deni\u0161ov\u00e1 0903 959 871 &#8211; vedenie &hellip; <a href=\"https:\/\/www.atelierles.sk\/index.php\/kontakt\/\" class=\"more-link\">Continue reading <span class=\"screen-reader-text\">Kontakty<\/span><\/a><\/p>\n","protected":false},"author":2,"featured_media":0,"parent":0,"menu_order":0,"comment_status":"closed","ping_status":"closed","template":"","meta":{"footnotes":""},"class_list":["post-56","page","type-page","status-publish","hentry"],"_links":{"self":[{"href":"https:\/\/www.atelierles.sk\/index.php\/wp-json\/wp\/v2\/pages\/56","targetHints":{"allow":["GET"]}}],"collection":[{"href":"https:\/\/www.atelierles.sk\/index.php\/wp-json\/wp\/v2\/pages"}],"about":[{"href":"https:\/\/www.atelierles.sk\/index.php\/wp-json\/wp\/v2\/types\/page"}],"author":[{"embeddable":true,"href":"https:\/\/www.atelierles.sk\/index.php\/wp-json\/wp\/v2\/users\/2"}],"replies":[{"embeddable":true,"href":"https:\/\/www.atelierles.sk\/index.php\/wp-json\/wp\/v2\/comments?post=56"}],"version-history":[{"count":11,"href":"https:\/\/www.atelierles.sk\/index.php\/wp-json\/wp\/v2\/pages\/56\/revisions"}],"predecessor-version":[{"id":8680,"href":"https:\/\/www.atelierles.sk\/index.php\/wp-json\/wp\/v2\/pages\/56\/revisions\/8680"}],"wp:attachment":[{"href":"https:\/\/www.atelierles.sk\/index.php\/wp-json\/wp\/v2\/media?parent=56"}],"curies":[{"name":"wp","href":"https:\/\/api.w.org\/{rel}","templated":true}]}}