{"id":67,"date":"2015-05-22T22:33:22","date_gmt":"2015-05-22T22:33:22","guid":{"rendered":"http:\/\/www.atelierles.sk\/?page_id=67"},"modified":"2026-03-30T12:48:32","modified_gmt":"2026-03-30T10:48:32","slug":"skola-slobodneho-ucenia-atelier-les","status":"publish","type":"page","link":"https:\/\/www.atelierles.sk\/index.php\/skola-slobodneho-ucenia-atelier-les\/","title":{"rendered":"S\u00fakromn\u00e1 z\u00e1kladn\u00e1 \u0161kola Ateli\u00e9r, 6-11 rokov"},"content":{"rendered":"<p><a href=\"http:\/\/www.atelierles.sk\/wp-content\/uploads\/2026\/03\/Letak-Nabor-deti-SZS.png\"><img loading=\"lazy\" decoding=\"async\" class=\"alignnone size-large wp-image-8682\" src=\"http:\/\/www.atelierles.sk\/wp-content\/uploads\/2026\/03\/Letak-Nabor-deti-SZS-724x1024.png\" alt=\"\" width=\"702\" height=\"993\" srcset=\"https:\/\/www.atelierles.sk\/wp-content\/uploads\/2026\/03\/Letak-Nabor-deti-SZS-724x1024.png 724w, https:\/\/www.atelierles.sk\/wp-content\/uploads\/2026\/03\/Letak-Nabor-deti-SZS-212x300.png 212w, https:\/\/www.atelierles.sk\/wp-content\/uploads\/2026\/03\/Letak-Nabor-deti-SZS-768x1086.png 768w, https:\/\/www.atelierles.sk\/wp-content\/uploads\/2026\/03\/Letak-Nabor-deti-SZS-1086x1536.png 1086w, https:\/\/www.atelierles.sk\/wp-content\/uploads\/2026\/03\/Letak-Nabor-deti-SZS.png 1414w\" sizes=\"auto, (max-width: 702px) 100vw, 702px\" \/><\/a><\/p>\n<div class=\"page\" title=\"Page 19\">\n<div class=\"section\">\n<div class=\"layoutArea\">\n<div class=\"column\">\n<p style=\"text-align: justify;\"><a href=\"http:\/\/www.atelierles.sk\/wp-content\/uploads\/2023\/10\/355331173_10221738164512948_7307215548251004496_n.jpg\" rel=\"attachment wp-att-8516\"><img loading=\"lazy\" decoding=\"async\" class=\"wp-image-8516 alignleft\" src=\"http:\/\/www.atelierles.sk\/wp-content\/uploads\/2023\/10\/355331173_10221738164512948_7307215548251004496_n-768x1024.jpg\" alt=\"\" width=\"288\" height=\"384\" srcset=\"https:\/\/www.atelierles.sk\/wp-content\/uploads\/2023\/10\/355331173_10221738164512948_7307215548251004496_n-768x1024.jpg 768w, https:\/\/www.atelierles.sk\/wp-content\/uploads\/2023\/10\/355331173_10221738164512948_7307215548251004496_n-225x300.jpg 225w, https:\/\/www.atelierles.sk\/wp-content\/uploads\/2023\/10\/355331173_10221738164512948_7307215548251004496_n.jpg 1536w\" sizes=\"auto, (max-width: 288px) 100vw, 288px\" \/><\/a>Po desiatich rokoch a kr\u00e1snych v\u00fdsledkoch sme v septembri 2025 vst\u00fapili do site \u0161k\u00f4l ako <strong>SZ\u0160 Ateli\u00e9r<\/strong> pre 1. a\u017e 5. ro\u010dn\u00edk, s kapacitou 48 det\u00ed. \u0160kola s\u00eddli na Be\u0148adickej 38 v Petr\u017ealke v priestoroch CZ\u0160 Narnia. <strong>Od septembra 2026 sa pl\u00e1nujeme s\u0165ahova\u0165 do Star\u00e9ho Mesta, na adresu Kr\u00e1\u013eovsk\u00e9 \u00fadolie 8.<\/strong><\/p>\n<p style=\"text-align: justify;\"><strong>Sme mal\u00e1 \u0161kola, v jednom ro\u010dn\u00edku m\u00e1me len 8 det\u00ed. Prednostne prij\u00edmame deti z Lesn\u00e9ho klubu Ateli\u00e9r LES. Stane sa, \u017ee m\u00e1me vo\u013en\u00e9 miesta aj pre extern\u00e9 deti a v takom pr\u00edpade kontakujeme z\u00e1ujemcov z na\u0161ej datab\u00e1zy. V pr\u00edpade z\u00e1ujmu o nav\u0161tevovanie SZ\u0160 Ateli\u00e9r m\u00f4\u017eete vyplni\u0165 <a href=\"https:\/\/forms.gle\/HKPRSc1yu71MXbhZ7\">dotazn\u00edk<\/a> a zarad\u00edme v\u00e1s do zoznamu z\u00e1ujemcov. \u010eakujeme pekne<\/strong><\/p>\n<\/div>\n<\/div>\n<div class=\"layoutArea\">\n<div class=\"column\">\n<p><strong>Viac o \u0161kole<\/strong><\/p>\n<p style=\"text-align: justify;\">Zdru\u017eujeme podobne zm\u00fd\u0161\u013eaj\u00face rodiny a deti, spolo\u010dn\u00fdm z\u00e1kladom je l\u00e1ska k pr\u00edrode, vz\u0165ah ku krajine a prostrediu v ktorom spolu \u017eijeme. V de\u0165och vzbudzujeme z\u00e1ujem o javy okolo n\u00e1s, vedieme ich k akt\u00edvnemu postoju, zodpovedn\u00e9mu \u017eivotu a z\u00e1ujmu o to, \u010do vieme spolu pozit\u00edvne ovplyvni\u0165.<\/p>\n<p style=\"text-align: justify;\"><a href=\"http:\/\/www.atelierles.sk\/wp-content\/uploads\/2023\/10\/330816140_584482543699808_440883890888493606_n.jpg\" rel=\"attachment wp-att-8517\"><img loading=\"lazy\" decoding=\"async\" class=\"wp-image-8517 alignright\" src=\"http:\/\/www.atelierles.sk\/wp-content\/uploads\/2023\/10\/330816140_584482543699808_440883890888493606_n-768x1024.jpg\" alt=\"\" width=\"287\" height=\"383\" srcset=\"https:\/\/www.atelierles.sk\/wp-content\/uploads\/2023\/10\/330816140_584482543699808_440883890888493606_n-768x1024.jpg 768w, https:\/\/www.atelierles.sk\/wp-content\/uploads\/2023\/10\/330816140_584482543699808_440883890888493606_n-225x300.jpg 225w, https:\/\/www.atelierles.sk\/wp-content\/uploads\/2023\/10\/330816140_584482543699808_440883890888493606_n.jpg 1536w\" sizes=\"auto, (max-width: 287px) 100vw, 287px\" \/><\/a>Z\u00e1kladom vyu\u010dovanieho procesu je ITV\/VEU, teda t\u00e9matick\u00e9 integrovan\u00e9 vyu\u010dovanie, kde sp\u00e1jame jednotliv\u00e9 poznatky z r\u00f4znych predmetov do zmyslupln\u00fdch celkov.<\/p>\n<div class=\"column\">\n<p style=\"text-align: justify;\"><a href=\"http:\/\/www.atelierles.sk\/wp-content\/uploads\/2023\/10\/357377915_10221753830224581_8272674858749872910_n.jpg\" rel=\"attachment wp-att-8518\"><img loading=\"lazy\" decoding=\"async\" class=\"wp-image-8518 alignleft\" src=\"http:\/\/www.atelierles.sk\/wp-content\/uploads\/2023\/10\/357377915_10221753830224581_8272674858749872910_n-1024x768.jpg\" alt=\"357377915_10221753830224581_8272674858749872910_n\" width=\"371\" height=\"278\" srcset=\"https:\/\/www.atelierles.sk\/wp-content\/uploads\/2023\/10\/357377915_10221753830224581_8272674858749872910_n-1024x768.jpg 1024w, https:\/\/www.atelierles.sk\/wp-content\/uploads\/2023\/10\/357377915_10221753830224581_8272674858749872910_n-300x225.jpg 300w, https:\/\/www.atelierles.sk\/wp-content\/uploads\/2023\/10\/357377915_10221753830224581_8272674858749872910_n-768x576.jpg 768w, https:\/\/www.atelierles.sk\/wp-content\/uploads\/2023\/10\/357377915_10221753830224581_8272674858749872910_n.jpg 2048w\" sizes=\"auto, (max-width: 371px) 100vw, 371px\" \/><\/a>SZ\u0160 Ateli\u00e9r je nadstavbou Lesn\u00e9ho klubu Ateli\u00e9r LES, tak\u017ee je jasn\u00e9, \u017ee n\u00e1s definuje l\u00e1ska k pr\u00edrode, jej objavovanie a ochrana. \u0160kol\u00e1ci tr\u00e1via ve\u013ea \u010dasu v pr\u00edrode &#8211;\u00a0behaj\u00fa, nah\u00e1\u0148aj\u00fa sa, spozn\u00e1vaj\u00fa seba a aj svet okolo.\u00a0<strong>V\u017edy m\u00e1me \u010das\u00a0<\/strong>\u00a0na\u00a0<strong>exteri\u00e9rove z\u00e1\u017eitky<\/strong>, u\u010denie sa vonku.<\/p>\n<\/div>\n<p class=\"p1\" style=\"text-align: justify;\"><a href=\"http:\/\/www.atelierles.sk\/wp-content\/uploads\/2023\/10\/347403398_6565206820197171_7473732548855077162_n.jpg\" rel=\"attachment wp-att-8515\"><img loading=\"lazy\" decoding=\"async\" class=\"wp-image-8515 alignright\" src=\"http:\/\/www.atelierles.sk\/wp-content\/uploads\/2023\/10\/347403398_6565206820197171_7473732548855077162_n-1024x802.jpg\" alt=\"347403398_6565206820197171_7473732548855077162_n\" width=\"306\" height=\"240\" srcset=\"https:\/\/www.atelierles.sk\/wp-content\/uploads\/2023\/10\/347403398_6565206820197171_7473732548855077162_n-1024x802.jpg 1024w, https:\/\/www.atelierles.sk\/wp-content\/uploads\/2023\/10\/347403398_6565206820197171_7473732548855077162_n-300x235.jpg 300w, https:\/\/www.atelierles.sk\/wp-content\/uploads\/2023\/10\/347403398_6565206820197171_7473732548855077162_n-768x602.jpg 768w, https:\/\/www.atelierles.sk\/wp-content\/uploads\/2023\/10\/347403398_6565206820197171_7473732548855077162_n.jpg 2048w\" sizes=\"auto, (max-width: 306px) 100vw, 306px\" \/><\/a>D\u00f4le\u017eit\u00e9 je pre n\u00e1s to, \u017ee <strong>nehodnot\u00edme<\/strong>, <strong>nezn\u00e1mkujeme<\/strong>, <strong>neporovn\u00e1vame<\/strong>. Pracujeme s predpokladom, \u017ee ka\u017ed\u00fd sme in\u00fd a ka\u017ed\u00e9ho z n\u00e1s bav\u00ed nie\u010do in\u00e9. Preto venujeme ve\u013e\u00fa pozornos\u0165 aj vyjadreniu sa prostredn\u00edctvom <strong>umenia a pohybu. <\/strong><\/p>\n<p class=\"p1\" style=\"text-align: justify;\"><a href=\"http:\/\/www.atelierles.sk\/wp-content\/uploads\/2020\/08\/350814521_1588462678342589_1655514719584703063_n.jpg\" rel=\"attachment wp-att-8460\"><img loading=\"lazy\" decoding=\"async\" class=\"wp-image-8460 alignleft\" src=\"http:\/\/www.atelierles.sk\/wp-content\/uploads\/2020\/08\/350814521_1588462678342589_1655514719584703063_n-768x1024.jpg\" alt=\"350814521_1588462678342589_1655514719584703063_n\" width=\"302\" height=\"402\" srcset=\"https:\/\/www.atelierles.sk\/wp-content\/uploads\/2020\/08\/350814521_1588462678342589_1655514719584703063_n-768x1024.jpg 768w, https:\/\/www.atelierles.sk\/wp-content\/uploads\/2020\/08\/350814521_1588462678342589_1655514719584703063_n-225x300.jpg 225w, https:\/\/www.atelierles.sk\/wp-content\/uploads\/2020\/08\/350814521_1588462678342589_1655514719584703063_n.jpg 1536w\" sizes=\"auto, (max-width: 302px) 100vw, 302px\" \/><\/a>Nefungujeme v koncepte \u017eiadnej konkr\u00e9tnej pedagogiky, sk\u00f4r na otvorenosti a autentickosti u\u010dite\u013eov. Aby boli pre deti uverite\u013en\u00ed a \u010ditate\u013en\u00ed, je dobr\u00e9 ke\u010f maj\u00fa mo\u017enos\u0165 tvori\u0165 si svoj svet aj voli\u0165 im bl\u00edzke met\u00f3dy, ak\u00fdmi chc\u00fa de\u0165om inform\u00e1cie sprostredkova\u0165.<\/p>\n<p style=\"text-align: justify;\"><strong>\u010co n\u00e1s sp\u00e1ja:<\/strong><br \/>\nL\u00e1ska k lesu\/ Pr\u00edrodn\u00e1 pedagogika, z\u00e1\u017eitkov\u00e9 u\u010denie.<br \/>\nL\u00e1ska k de\u0165om\/ Intuit\u00edvna pefagogika, Montessori pedagogika, Waldorfsk\u00e1 pedagogika. Vedomie, \u017ee sa v\u0161etci ka\u017ed\u00fd de\u0148 u\u010d\u00edme nie\u010do nov\u00e9 a rastieme spolu s de\u0165mi.<\/p>\n<p style=\"text-align: justify;\"><strong>Pr\u00edrodn\u00e1 pedagogika<\/strong>\u2013 vr\u00e1mci dru\u017einy, ale \u010dasto aj dopoludnia sme v lese za ka\u017ed\u00e9ho po\u010dasia. Pr\u00edroda sa svojou premenlivos\u0165ou a pestros\u0165ou situ\u00e1ci\u00ed, ktor\u00e9 pon\u00faka st\u00e1va nevy\u010derpate\u013en\u00fdm zdrojom vzdel\u00e1vac\u00edch mo\u017enost\u00ed, ktor\u00e1 deti rozv\u00edja v ich celistvosti. Zdol\u00e1vanie nerovn\u00e9ho ter\u00e9nu pom\u00e1ha v rozvoji obratnosti a koordin\u00e1cie, pon\u00faka de\u0165om objavi\u0165 \u00faplne prirodzen\u00fdm sp\u00f4sobom hranice svojich s\u00edl. Pobyt v takomto prostred\u00ed podporuje zdrav\u00e9 budovanie sebad\u00f4very a d\u00f4very vo svoje schopnosti. Pravideln\u00fd a dlhodob\u00fd pobyt na \u010derstvom vzduchu najviac priaznivo p\u00f4sob\u00ed na imunitn\u00fd syst\u00e9m. Deti pre\u017e\u00edvaj\u00fa rytmus zmien ro\u010dn\u00fdch obdob\u00ed a pr\u00edrodn\u00fdch javov.<\/p>\n<p style=\"text-align: justify;\"><strong>Z\u00e1\u017eitkov\u00e9 u\u010denie\/\u0161kola zmyslov<\/strong>. V\u010faka tomu, \u017ee de\u0165om v pr\u00edrode nie s\u00fa odovzd\u00e1van\u00e9 hotov\u00e9 inform\u00e1cie, postoje, prich\u00e1dza die\u0165a k vlastn\u00fdm z\u00e1verom na z\u00e1klade pre\u017eitej sk\u00fasenosti. V\u0161etko okolo si m\u00f4\u017ee ohmata\u0165, pre\u017ei\u0165, zak\u00fasi\u0165 a t\u00edm si utv\u00e1ra\u0165 predstavu o mo\u017enostiach okolit\u00e9ho sveta. Hra a nez\u00e1vislos\u0165 vo svete, ktor\u00fd sa s\u00e1m vytvoril a nie je umelo zhotoven\u00fd dospel\u00fdmi, je bezpodmiene\u010dne nutn\u00e1 pre rozvoj zdravej \u013eudskej osobnosti. D\u00e1vame priestor hudbe, v\u00fdtvarn\u00e9mu umeniu aj v\u00fdchovnej dramatike.<\/p>\n<\/div>\n<\/div>\n<\/div>\n<\/div>\n","protected":false},"excerpt":{"rendered":"<p>Po desiatich rokoch a kr\u00e1snych v\u00fdsledkoch sme v septembri 2025 vst\u00fapili do site \u0161k\u00f4l ako SZ\u0160 Ateli\u00e9r pre 1. a\u017e 5. ro\u010dn\u00edk, s kapacitou 48 det\u00ed. \u0160kola s\u00eddli na Be\u0148adickej 38 v Petr\u017ealke v priestoroch CZ\u0160 Narnia. Od septembra 2026 sa pl\u00e1nujeme s\u0165ahova\u0165 do Star\u00e9ho Mesta, na adresu Kr\u00e1\u013eovsk\u00e9 \u00fadolie 8. Sme mal\u00e1 \u0161kola, v &hellip; <a href=\"https:\/\/www.atelierles.sk\/index.php\/skola-slobodneho-ucenia-atelier-les\/\" class=\"more-link\">Continue reading <span class=\"screen-reader-text\">S\u00fakromn\u00e1 z\u00e1kladn\u00e1 \u0161kola Ateli\u00e9r, 6-11 rokov<\/span><\/a><\/p>\n","protected":false},"author":2,"featured_media":0,"parent":0,"menu_order":0,"comment_status":"closed","ping_status":"closed","template":"","meta":{"footnotes":""},"class_list":["post-67","page","type-page","status-publish","hentry"],"_links":{"self":[{"href":"https:\/\/www.atelierles.sk\/index.php\/wp-json\/wp\/v2\/pages\/67","targetHints":{"allow":["GET"]}}],"collection":[{"href":"https:\/\/www.atelierles.sk\/index.php\/wp-json\/wp\/v2\/pages"}],"about":[{"href":"https:\/\/www.atelierles.sk\/index.php\/wp-json\/wp\/v2\/types\/page"}],"author":[{"embeddable":true,"href":"https:\/\/www.atelierles.sk\/index.php\/wp-json\/wp\/v2\/users\/2"}],"replies":[{"embeddable":true,"href":"https:\/\/www.atelierles.sk\/index.php\/wp-json\/wp\/v2\/comments?post=67"}],"version-history":[{"count":11,"href":"https:\/\/www.atelierles.sk\/index.php\/wp-json\/wp\/v2\/pages\/67\/revisions"}],"predecessor-version":[{"id":8683,"href":"https:\/\/www.atelierles.sk\/index.php\/wp-json\/wp\/v2\/pages\/67\/revisions\/8683"}],"wp:attachment":[{"href":"https:\/\/www.atelierles.sk\/index.php\/wp-json\/wp\/v2\/media?parent=67"}],"curies":[{"name":"wp","href":"https:\/\/api.w.org\/{rel}","templated":true}]}}