{"id":8161,"date":"2019-09-24T07:20:09","date_gmt":"2019-09-24T07:20:09","guid":{"rendered":"http:\/\/www.atelierles.sk\/?page_id=8161"},"modified":"2026-03-25T11:30:56","modified_gmt":"2026-03-25T10:30:56","slug":"zito-tvorivo-vzdelavacia-skupina-pre-deti-na-druhom-stupni-a-dospelych","status":"publish","type":"page","link":"https:\/\/www.atelierles.sk\/index.php\/zito-tvorivo-vzdelavacia-skupina-pre-deti-na-druhom-stupni-a-dospelych\/","title":{"rendered":"\u017dITO: tvorivo vzdel\u00e1vacia skupina pre deti na druhom stupni, 10-15 rokov"},"content":{"rendered":"<div><a href=\"http:\/\/www.atelierles.sk\/wp-content\/uploads\/2026\/03\/vyberka-3-scaled.jpeg\"><img loading=\"lazy\" decoding=\"async\" class=\"alignnone size-large wp-image-8677\" src=\"http:\/\/www.atelierles.sk\/wp-content\/uploads\/2026\/03\/vyberka-3-768x1024.jpeg\" alt=\"\" width=\"702\" height=\"936\" srcset=\"https:\/\/www.atelierles.sk\/wp-content\/uploads\/2026\/03\/vyberka-3-768x1024.jpeg 768w, https:\/\/www.atelierles.sk\/wp-content\/uploads\/2026\/03\/vyberka-3-225x300.jpeg 225w, https:\/\/www.atelierles.sk\/wp-content\/uploads\/2026\/03\/vyberka-3-1152x1536.jpeg 1152w, https:\/\/www.atelierles.sk\/wp-content\/uploads\/2026\/03\/vyberka-3-1536x2048.jpeg 1536w, https:\/\/www.atelierles.sk\/wp-content\/uploads\/2026\/03\/vyberka-3-scaled.jpeg 1920w\" sizes=\"auto, (max-width: 702px) 100vw, 702px\" \/><\/a><\/div>\n<div><\/div>\n<div class=\"\" style=\"text-align: justify;\">Tento \u0161kolsk\u00fd rok m\u00e1me mo\u017enos\u0165 u\u017e\u00edva\u0165 si v \u017dite liter\u00e1rne aj hudobn\u00e9 dielne aj v\u010faka podpore FPU.<\/div>\n<div class=\"\" style=\"text-align: justify;\">\u010eakujeme!<\/div>\n<div class=\"\" style=\"text-align: justify;\"><a href=\"http:\/\/www.atelierles.sk\/wp-content\/uploads\/2019\/09\/FPU_logo1_modre.jpeg\" rel=\"attachment wp-att-8584\"><img loading=\"lazy\" decoding=\"async\" class=\"wp-image-8584 alignleft\" src=\"http:\/\/www.atelierles.sk\/wp-content\/uploads\/2019\/09\/FPU_logo1_modre.jpeg\" alt=\"FPU_logo1_modre\" width=\"197\" height=\"148\" srcset=\"https:\/\/www.atelierles.sk\/wp-content\/uploads\/2019\/09\/FPU_logo1_modre.jpeg 640w, https:\/\/www.atelierles.sk\/wp-content\/uploads\/2019\/09\/FPU_logo1_modre-300x225.jpeg 300w\" sizes=\"auto, (max-width: 197px) 100vw, 197px\" \/><\/a>Sme tvorivo vzdel\u00e1vacia skupina pre deti a dospel\u00fdch na podporu \u017eivota a vzdel\u00e1vania pre bud\u00facnos\u0165, udr\u017eate\u013enos\u0165 a kr\u00e1su. Stoj\u00edme na z\u00e1kladoch Lesn\u00e9ho klubu a \u0160koly slobodn\u00e9ho u\u010denia Ateli\u00e9r LES.<\/div>\n<p style=\"text-align: justify;\">Opierame sa o hodnoty slobody, priate\u013estva, autentickosti, otvorenosti, rastu a spolupr\u00e1ce medzi dospel\u00fdmi a de\u0165mi.<br \/>\nVytv\u00e1rame priestor pre dospel\u00fdch a deti na h\u013eadanie odpoved\u00ed na s\u00fa\u010dasn\u00e9 aj ve\u010dn\u00e9 ot\u00e1zky. Otv\u00e1rame priestor pre b\u00e1danie, objavovanie, pluralitu n\u00e1zorov v r\u00e1mci roz\u0161irovania obzorov v\u0161eobecn\u00e9ho rozh\u013eadu. Vytv\u00e1rame priestor pre sebavyjadrenie prostredn\u00edctvom umenia, hudby, jazyka, tvorby so slovom aj divadlom.<br \/>\nBudujeme spolo\u010dn\u00e9ho ducha, \u017eel\u00e1me si by\u0165 podporou v z\u00e1ujme det\u00ed o veci, javy, ktor\u00e9 nas obklopuj\u00fa, ovplyv\u0148uj\u00fa, a na ktor\u00e9 m\u00e1me dosah v spolo\u010denskej oblasti, ale aj v glob\u00e1lnych t\u00e9mach ako politika, ekol\u00f3gia, peniaze.<\/p>\n<p style=\"text-align: justify;\">Sme spolo\u010dn\u00fdm priestorom pre v\u00fdzvy, ktor\u00e9 prin\u00e1\u0161a s\u00fa\u010dasnos\u0165 a \u017eivot.<br \/>\nVych\u00e1dzame zo silnej potreby vytvori\u0165 priestor, ktor\u00fd reflektuje potreby det\u00ed vo veku puberty. Pon\u00fakame mo\u017enos\u0165 pre vytv\u00e1ranie a realiz\u00e1ciu spolo\u010dn\u00fdch aj osobn\u00fdch dlhodob\u00fdch aj kratkodob\u00fdch v\u00fdziev a pl\u00e1nov, ktor\u00e9 s\u00fa zmyslupln\u00e9 a pom\u00e1haj\u00fa v ide\u00e1lnom pripade aj celku.<\/p>\n<div class=\"\" style=\"text-align: justify;\">Na\u0161ou d\u00f4le\u017eitou s\u00fa\u010das\u0165ou s\u00fa Eped\u00edcie, nieko\u013ekokr\u00e1t ro\u010dne vyr\u00e1\u017eame na p\u00e1r dn\u00ed do kopcov a lesov. Zisti\u0165, kde s\u00fa teraz hranice na\u0161ej komfortnej z\u00f3ny. Sp\u00edme v stanoch, \u00fatulniach, chatk\u00e1ch a \u010dasto cestujeme karavanom. Odmenou za od\u0161\u013eapan\u00e9 kilometre s\u00fa n\u00e1m v\u00fdh\u013eady, kofola pri n\u00e1vrate a posilnen\u00fd spolo\u010dn\u00fd duch celej na\u0161ej skupiny.<\/div>\n<div class=\"\" style=\"text-align: justify;\">Vytiahnu\u0165 t\u00edned\u017eerov do kopcov je pre n\u00e1s dospel\u00fdch niekedy v\u00fdzva, ALE stoj\u00ed to za to.<\/div>\n<div class=\"\" style=\"text-align: justify;\"><\/div>\n<div class=\"\" style=\"text-align: justify;\"><a href=\"http:\/\/www.atelierles.sk\/wp-content\/uploads\/2015\/05\/Foto-54.jpeg\" rel=\"attachment wp-att-8505\"><img loading=\"lazy\" decoding=\"async\" class=\"alignnone size-large wp-image-8505\" src=\"http:\/\/www.atelierles.sk\/wp-content\/uploads\/2015\/05\/Foto-54-1024x686.jpeg\" alt=\"Foto (54)\" width=\"702\" height=\"470\" srcset=\"https:\/\/www.atelierles.sk\/wp-content\/uploads\/2015\/05\/Foto-54-1024x686.jpeg 1024w, https:\/\/www.atelierles.sk\/wp-content\/uploads\/2015\/05\/Foto-54-300x201.jpeg 300w, https:\/\/www.atelierles.sk\/wp-content\/uploads\/2015\/05\/Foto-54-768x515.jpeg 768w\" sizes=\"auto, (max-width: 702px) 100vw, 702px\" \/><\/a><\/div>\n<div class=\"\" style=\"text-align: justify;\">Foto: Dami\u00e1n Hlava\u010dka<\/div>\n<p style=\"text-align: justify;\">Sme s\u00fa\u010das\u0165ou \u0161ir\u0161ej platformy:<\/p>\n<p style=\"text-align: justify;\">1\/ Lesn\u00fd klub Ateli\u00e9r LES<br \/>\n2\/ SZ\u0160 Ateli\u00e9r pre 1. stupe\u0148<br \/>\n3\/ Tvorivo-vzdel\u00e1vacia skupina pre deti na 2. stupni \u017dITO<br \/>\n4\/ Vzdel\u00e1vanie a roz\u0161irovanie obzorov dospel\u00fdch, pedag\u00f3gov a rodi\u010dov v r\u00e1mci oboch t\u00fdchto skup\u00edn.<br \/>\n\u017dITO, bu\u010f pri tom, s t\u00fdm, s nami, spolu!<\/p>\n<p style=\"text-align: justify;\">\u017dITO, Nov\u00e1 Cvernovka, Ra\u010dianska 78, 83102 Bratislava<\/p>\n","protected":false},"excerpt":{"rendered":"<p>Tento \u0161kolsk\u00fd rok m\u00e1me mo\u017enos\u0165 u\u017e\u00edva\u0165 si v \u017dite liter\u00e1rne aj hudobn\u00e9 dielne aj v\u010faka podpore FPU. \u010eakujeme! Sme tvorivo vzdel\u00e1vacia skupina pre deti a dospel\u00fdch na podporu \u017eivota a vzdel\u00e1vania pre bud\u00facnos\u0165, udr\u017eate\u013enos\u0165 a kr\u00e1su. Stoj\u00edme na z\u00e1kladoch Lesn\u00e9ho klubu a \u0160koly slobodn\u00e9ho u\u010denia Ateli\u00e9r LES. Opierame sa o hodnoty slobody, priate\u013estva, autentickosti, otvorenosti, &hellip; <a href=\"https:\/\/www.atelierles.sk\/index.php\/zito-tvorivo-vzdelavacia-skupina-pre-deti-na-druhom-stupni-a-dospelych\/\" class=\"more-link\">Continue reading <span class=\"screen-reader-text\">\u017dITO: tvorivo vzdel\u00e1vacia skupina pre deti na druhom stupni, 10-15 rokov<\/span><\/a><\/p>\n","protected":false},"author":2,"featured_media":0,"parent":0,"menu_order":0,"comment_status":"closed","ping_status":"closed","template":"","meta":{"footnotes":""},"class_list":["post-8161","page","type-page","status-publish","hentry"],"_links":{"self":[{"href":"https:\/\/www.atelierles.sk\/index.php\/wp-json\/wp\/v2\/pages\/8161","targetHints":{"allow":["GET"]}}],"collection":[{"href":"https:\/\/www.atelierles.sk\/index.php\/wp-json\/wp\/v2\/pages"}],"about":[{"href":"https:\/\/www.atelierles.sk\/index.php\/wp-json\/wp\/v2\/types\/page"}],"author":[{"embeddable":true,"href":"https:\/\/www.atelierles.sk\/index.php\/wp-json\/wp\/v2\/users\/2"}],"replies":[{"embeddable":true,"href":"https:\/\/www.atelierles.sk\/index.php\/wp-json\/wp\/v2\/comments?post=8161"}],"version-history":[{"count":10,"href":"https:\/\/www.atelierles.sk\/index.php\/wp-json\/wp\/v2\/pages\/8161\/revisions"}],"predecessor-version":[{"id":8678,"href":"https:\/\/www.atelierles.sk\/index.php\/wp-json\/wp\/v2\/pages\/8161\/revisions\/8678"}],"wp:attachment":[{"href":"https:\/\/www.atelierles.sk\/index.php\/wp-json\/wp\/v2\/media?parent=8161"}],"curies":[{"name":"wp","href":"https:\/\/api.w.org\/{rel}","templated":true}]}}