{"id":8265,"date":"2020-08-11T11:00:06","date_gmt":"2020-08-11T11:00:06","guid":{"rendered":"http:\/\/www.atelierles.sk\/?page_id=8265"},"modified":"2026-02-05T11:41:45","modified_gmt":"2026-02-05T10:41:45","slug":"aktualne","status":"publish","type":"page","link":"https:\/\/www.atelierles.sk\/index.php\/aktualne\/","title":{"rendered":"ZVF 2023"},"content":{"rendered":"<p><a href=\"http:\/\/www.atelierles.sk\/wp-content\/uploads\/2020\/08\/ZVF_COLOR.png\" rel=\"attachment wp-att-8458\"><img loading=\"lazy\" decoding=\"async\" class=\"alignnone wp-image-8458\" src=\"http:\/\/www.atelierles.sk\/wp-content\/uploads\/2020\/08\/ZVF_COLOR.png\" alt=\"ZVF_COLOR\" width=\"355\" height=\"138\" srcset=\"https:\/\/www.atelierles.sk\/wp-content\/uploads\/2020\/08\/ZVF_COLOR.png 800w, https:\/\/www.atelierles.sk\/wp-content\/uploads\/2020\/08\/ZVF_COLOR-300x117.png 300w, https:\/\/www.atelierles.sk\/wp-content\/uploads\/2020\/08\/ZVF_COLOR-768x300.png 768w\" sizes=\"auto, (max-width: 355px) 100vw, 355px\" \/><\/a><a href=\"http:\/\/www.atelierles.sk\/wp-content\/uploads\/2020\/08\/Environmentalny-fond-NL-400.png\" rel=\"attachment wp-att-8472\"><img loading=\"lazy\" decoding=\"async\" class=\"alignnone wp-image-8472\" src=\"http:\/\/www.atelierles.sk\/wp-content\/uploads\/2020\/08\/Environmentalny-fond-NL-400.png\" alt=\"Environmentalny-fond-NL-400\" width=\"301\" height=\"88\" srcset=\"https:\/\/www.atelierles.sk\/wp-content\/uploads\/2020\/08\/Environmentalny-fond-NL-400.png 400w, https:\/\/www.atelierles.sk\/wp-content\/uploads\/2020\/08\/Environmentalny-fond-NL-400-300x88.png 300w\" sizes=\"auto, (max-width: 301px) 100vw, 301px\" \/><\/a> <a href=\"http:\/\/www.atelierles.sk\/wp-content\/uploads\/2020\/08\/Ministerstvo-zivotnehoprostredia-SR.jpg\" rel=\"attachment wp-att-8473\"><img loading=\"lazy\" decoding=\"async\" class=\"alignnone wp-image-8473\" src=\"http:\/\/www.atelierles.sk\/wp-content\/uploads\/2020\/08\/Ministerstvo-zivotnehoprostredia-SR-1024x314.jpg\" alt=\"Ministerstvo zivotnehoprostredia SR\" width=\"346\" height=\"106\" srcset=\"https:\/\/www.atelierles.sk\/wp-content\/uploads\/2020\/08\/Ministerstvo-zivotnehoprostredia-SR-1024x314.jpg 1024w, https:\/\/www.atelierles.sk\/wp-content\/uploads\/2020\/08\/Ministerstvo-zivotnehoprostredia-SR-300x92.jpg 300w, https:\/\/www.atelierles.sk\/wp-content\/uploads\/2020\/08\/Ministerstvo-zivotnehoprostredia-SR-768x235.jpg 768w, https:\/\/www.atelierles.sk\/wp-content\/uploads\/2020\/08\/Ministerstvo-zivotnehoprostredia-SR.jpg 1992w\" sizes=\"auto, (max-width: 346px) 100vw, 346px\" \/><\/a> <a href=\"http:\/\/www.atelierles.sk\/wp-content\/uploads\/2020\/08\/logotyp-SAZP-2015-B-00.png\" rel=\"attachment wp-att-8474\"><img loading=\"lazy\" decoding=\"async\" class=\"alignnone wp-image-8474\" src=\"http:\/\/www.atelierles.sk\/wp-content\/uploads\/2020\/08\/logotyp-SAZP-2015-B-00.png\" alt=\"logotyp-SAZP-2015-B-00\" width=\"299\" height=\"140\" srcset=\"https:\/\/www.atelierles.sk\/wp-content\/uploads\/2020\/08\/logotyp-SAZP-2015-B-00.png 971w, https:\/\/www.atelierles.sk\/wp-content\/uploads\/2020\/08\/logotyp-SAZP-2015-B-00-300x141.png 300w, https:\/\/www.atelierles.sk\/wp-content\/uploads\/2020\/08\/logotyp-SAZP-2015-B-00-768x360.png 768w\" sizes=\"auto, (max-width: 299px) 100vw, 299px\" \/><\/a><\/p>\n<p>V roku 2023 prebiehal projekt <span style=\"color: #ff0000;\">Les je n\u00e1\u0161 domov (Deti z lesn\u00e9ho klubu). <\/span><strong><span style=\"font-size: small;\">Projekt bol realizovan\u00fd s finan\u010dnou podporou Zelen\u00e9ho vzdel\u00e1vacieho fondu 5\/2023 formou dot\u00e1cie z\u00a0Environment\u00e1lneho fondu<\/span><span style=\"font-size: small;\">. <\/span><\/strong><\/p>\n<p>V r\u00e1mci projektu prebehli celkovo 4 aktivity pre mlad\u0161ie aj star\u0161ie deti. Okrem in\u00e9ho mali deti mo\u017enos\u0165 absolvova\u0165 mno\u017estvo zauj\u00edmav\u00fdch predn\u00e1\u0161ok na r\u00f4zne envirot\u00e9my, sadili sme stromy aj bylinky, tr\u00e1vili sme ve\u013ea \u010dasu v pr\u00edrode pozorovan\u00edm, b\u00e1dan\u00edm a u\u010den\u00edm sa. Za\u017eili sme tie\u017e kr\u00e1sne leto pln\u00e9 detsk\u00fdch t\u00e1borov v pr\u00edrode.<a href=\"http:\/\/www.atelierles.sk\/wp-content\/uploads\/2020\/08\/353451814_10221707566948028_6017730784136664257_n.jpg\" rel=\"attachment wp-att-8462\"><img loading=\"lazy\" decoding=\"async\" class=\"alignnone size-large wp-image-8462\" src=\"http:\/\/www.atelierles.sk\/wp-content\/uploads\/2020\/08\/353451814_10221707566948028_6017730784136664257_n-1024x768.jpg\" alt=\"353451814_10221707566948028_6017730784136664257_n\" width=\"702\" height=\"527\" srcset=\"https:\/\/www.atelierles.sk\/wp-content\/uploads\/2020\/08\/353451814_10221707566948028_6017730784136664257_n-1024x768.jpg 1024w, https:\/\/www.atelierles.sk\/wp-content\/uploads\/2020\/08\/353451814_10221707566948028_6017730784136664257_n-300x225.jpg 300w, https:\/\/www.atelierles.sk\/wp-content\/uploads\/2020\/08\/353451814_10221707566948028_6017730784136664257_n-768x576.jpg 768w, https:\/\/www.atelierles.sk\/wp-content\/uploads\/2020\/08\/353451814_10221707566948028_6017730784136664257_n.jpg 2048w\" sizes=\"auto, (max-width: 702px) 100vw, 702px\" \/><\/a> <a href=\"http:\/\/www.atelierles.sk\/wp-content\/uploads\/2020\/08\/352992635_10221707585068481_5069062552715981375_n.jpg\" rel=\"attachment wp-att-8463\"><img loading=\"lazy\" decoding=\"async\" class=\"alignnone size-large wp-image-8463\" src=\"http:\/\/www.atelierles.sk\/wp-content\/uploads\/2020\/08\/352992635_10221707585068481_5069062552715981375_n-460x1024.jpg\" alt=\"352992635_10221707585068481_5069062552715981375_n\" width=\"460\" height=\"1024\" srcset=\"https:\/\/www.atelierles.sk\/wp-content\/uploads\/2020\/08\/352992635_10221707585068481_5069062552715981375_n-460x1024.jpg 460w, https:\/\/www.atelierles.sk\/wp-content\/uploads\/2020\/08\/352992635_10221707585068481_5069062552715981375_n-135x300.jpg 135w, https:\/\/www.atelierles.sk\/wp-content\/uploads\/2020\/08\/352992635_10221707585068481_5069062552715981375_n.jpg 718w\" sizes=\"auto, (max-width: 460px) 100vw, 460px\" \/><\/a><a href=\"http:\/\/www.atelierles.sk\/wp-content\/uploads\/2020\/08\/347551206_10224518314290778_2625706274591848990_n.jpg\" rel=\"attachment wp-att-8475\"><img loading=\"lazy\" decoding=\"async\" class=\"alignnone size-large wp-image-8475\" src=\"http:\/\/www.atelierles.sk\/wp-content\/uploads\/2020\/08\/347551206_10224518314290778_2625706274591848990_n-1024x678.jpg\" alt=\"347551206_10224518314290778_2625706274591848990_n\" width=\"702\" height=\"465\" srcset=\"https:\/\/www.atelierles.sk\/wp-content\/uploads\/2020\/08\/347551206_10224518314290778_2625706274591848990_n-1024x678.jpg 1024w, https:\/\/www.atelierles.sk\/wp-content\/uploads\/2020\/08\/347551206_10224518314290778_2625706274591848990_n-300x199.jpg 300w, https:\/\/www.atelierles.sk\/wp-content\/uploads\/2020\/08\/347551206_10224518314290778_2625706274591848990_n-768x509.jpg 768w, https:\/\/www.atelierles.sk\/wp-content\/uploads\/2020\/08\/347551206_10224518314290778_2625706274591848990_n.jpg 2048w\" sizes=\"auto, (max-width: 702px) 100vw, 702px\" \/><\/a><\/p>\n<p><a href=\"http:\/\/www.atelierles.sk\/wp-content\/uploads\/2020\/08\/393726163_10222380167322617_4605186261875083128_n.jpg\" rel=\"attachment wp-att-8461\"><img loading=\"lazy\" decoding=\"async\" class=\"alignnone size-large wp-image-8461\" src=\"http:\/\/www.atelierles.sk\/wp-content\/uploads\/2020\/08\/393726163_10222380167322617_4605186261875083128_n-1024x768.jpg\" alt=\"393726163_10222380167322617_4605186261875083128_n\" width=\"702\" height=\"527\" srcset=\"https:\/\/www.atelierles.sk\/wp-content\/uploads\/2020\/08\/393726163_10222380167322617_4605186261875083128_n-1024x768.jpg 1024w, https:\/\/www.atelierles.sk\/wp-content\/uploads\/2020\/08\/393726163_10222380167322617_4605186261875083128_n-300x225.jpg 300w, https:\/\/www.atelierles.sk\/wp-content\/uploads\/2020\/08\/393726163_10222380167322617_4605186261875083128_n-768x576.jpg 768w, https:\/\/www.atelierles.sk\/wp-content\/uploads\/2020\/08\/393726163_10222380167322617_4605186261875083128_n.jpg 2048w\" sizes=\"auto, (max-width: 702px) 100vw, 702px\" \/><\/a><a href=\"http:\/\/www.atelierles.sk\/wp-content\/uploads\/2020\/08\/350814521_1588462678342589_1655514719584703063_n.jpg\" rel=\"attachment wp-att-8460\"><img loading=\"lazy\" decoding=\"async\" class=\"alignnone size-large wp-image-8460\" src=\"http:\/\/www.atelierles.sk\/wp-content\/uploads\/2020\/08\/350814521_1588462678342589_1655514719584703063_n-768x1024.jpg\" alt=\"350814521_1588462678342589_1655514719584703063_n\" width=\"702\" height=\"936\" srcset=\"https:\/\/www.atelierles.sk\/wp-content\/uploads\/2020\/08\/350814521_1588462678342589_1655514719584703063_n-768x1024.jpg 768w, https:\/\/www.atelierles.sk\/wp-content\/uploads\/2020\/08\/350814521_1588462678342589_1655514719584703063_n-225x300.jpg 225w, https:\/\/www.atelierles.sk\/wp-content\/uploads\/2020\/08\/350814521_1588462678342589_1655514719584703063_n.jpg 1536w\" sizes=\"auto, (max-width: 702px) 100vw, 702px\" \/><\/a><\/p>\n<p>&nbsp;<\/p>\n","protected":false},"excerpt":{"rendered":"<p>V roku 2023 prebiehal projekt Les je n\u00e1\u0161 domov (Deti z lesn\u00e9ho klubu). Projekt bol realizovan\u00fd s finan\u010dnou podporou Zelen\u00e9ho vzdel\u00e1vacieho fondu 5\/2023 formou dot\u00e1cie z\u00a0Environment\u00e1lneho fondu. V r\u00e1mci projektu prebehli celkovo 4 aktivity pre mlad\u0161ie aj star\u0161ie deti. Okrem in\u00e9ho mali deti mo\u017enos\u0165 absolvova\u0165 mno\u017estvo zauj\u00edmav\u00fdch predn\u00e1\u0161ok na r\u00f4zne envirot\u00e9my, sadili sme stromy aj &hellip; <a href=\"https:\/\/www.atelierles.sk\/index.php\/aktualne\/\" class=\"more-link\">Continue reading <span class=\"screen-reader-text\">ZVF 2023<\/span><\/a><\/p>\n","protected":false},"author":2,"featured_media":0,"parent":0,"menu_order":0,"comment_status":"closed","ping_status":"closed","template":"","meta":{"footnotes":""},"class_list":["post-8265","page","type-page","status-publish","hentry"],"_links":{"self":[{"href":"https:\/\/www.atelierles.sk\/index.php\/wp-json\/wp\/v2\/pages\/8265","targetHints":{"allow":["GET"]}}],"collection":[{"href":"https:\/\/www.atelierles.sk\/index.php\/wp-json\/wp\/v2\/pages"}],"about":[{"href":"https:\/\/www.atelierles.sk\/index.php\/wp-json\/wp\/v2\/types\/page"}],"author":[{"embeddable":true,"href":"https:\/\/www.atelierles.sk\/index.php\/wp-json\/wp\/v2\/users\/2"}],"replies":[{"embeddable":true,"href":"https:\/\/www.atelierles.sk\/index.php\/wp-json\/wp\/v2\/comments?post=8265"}],"version-history":[{"count":6,"href":"https:\/\/www.atelierles.sk\/index.php\/wp-json\/wp\/v2\/pages\/8265\/revisions"}],"predecessor-version":[{"id":8476,"href":"https:\/\/www.atelierles.sk\/index.php\/wp-json\/wp\/v2\/pages\/8265\/revisions\/8476"}],"wp:attachment":[{"href":"https:\/\/www.atelierles.sk\/index.php\/wp-json\/wp\/v2\/media?parent=8265"}],"curies":[{"name":"wp","href":"https:\/\/api.w.org\/{rel}","templated":true}]}}