{"id":8451,"date":"2023-10-16T11:16:59","date_gmt":"2023-10-16T11:16:59","guid":{"rendered":"http:\/\/www.atelierles.sk\/?page_id=8451"},"modified":"2026-02-05T11:41:38","modified_gmt":"2026-02-05T10:41:38","slug":"chcete-nas-podporit","status":"publish","type":"page","link":"https:\/\/www.atelierles.sk\/index.php\/chcete-nas-podporit\/","title":{"rendered":"Chcete n\u00e1s podpori\u0165?"},"content":{"rendered":"<p><a href=\"http:\/\/www.atelierles.sk\/wp-content\/uploads\/2023\/10\/355331173_10221738164512948_7307215548251004496_n.jpg\" rel=\"attachment wp-att-8516\"><img loading=\"lazy\" decoding=\"async\" class=\"wp-image-8516 alignleft\" src=\"http:\/\/www.atelierles.sk\/wp-content\/uploads\/2023\/10\/355331173_10221738164512948_7307215548251004496_n-768x1024.jpg\" alt=\"355331173_10221738164512948_7307215548251004496_n\" width=\"340\" height=\"454\" srcset=\"https:\/\/www.atelierles.sk\/wp-content\/uploads\/2023\/10\/355331173_10221738164512948_7307215548251004496_n-768x1024.jpg 768w, https:\/\/www.atelierles.sk\/wp-content\/uploads\/2023\/10\/355331173_10221738164512948_7307215548251004496_n-225x300.jpg 225w, https:\/\/www.atelierles.sk\/wp-content\/uploads\/2023\/10\/355331173_10221738164512948_7307215548251004496_n.jpg 1536w\" sizes=\"auto, (max-width: 340px) 100vw, 340px\" \/><\/a>Ak sa V\u00e1m na\u0161a pr\u00e1ca p\u00e1\u010di a radi by ste n\u00e1s podporili, s rados\u0165ou pr\u00edjmeme finan\u010dn\u00e9 dary na \u010d\u00edslo \u00fa\u010dtu zdru\u017eenia Ateli\u00e9r 33:<\/p>\n<p class=\"western\">SK16 8330 0000 0027 0129 3538<\/p>\n<p class=\"western\">Ak by ste n\u00e1s chceli podpori\u0165 inou formou, nev\u00e1hajte n\u00e1s kontaktova\u0165 na 0903 959 871 alebo na miri@atelierles.sk<\/p>\n<p class=\"western\">Vopred z cel\u00e9ho srdca \u010fakujeme!<\/p>\n<p class=\"western\"><strong>Za podporu n\u00e1\u0161ho zdru\u017eenia v roku 2024 a 2025 \u010fakujeme firm\u00e1m:<\/strong><\/p>\n<p class=\"western\"><strong> Velvet Advisors s.r.o.<\/strong><\/p>\n<p class=\"western\"><strong><a href=\"https:\/\/vizio.sk\/\">VIZIO s.r.o.<\/a> &#8211; Funk\u010dn\u00e9 webov\u00e9 aplik\u00e1cie na mieru<\/strong><\/p>\n<p class=\"western\"><strong><a href=\"https:\/\/studioecht.com\/\">Studio Echt s.r.o.<\/a><\/strong><\/p>\n<p class=\"western\"><strong><a href=\"http:\/\/pohybovci.sk\">NWNS Unlimited s.r.o.<\/a><\/strong><\/p>\n<p align=\"justify\"><strong>narratique s. r. o.<\/strong><\/p>\n","protected":false},"excerpt":{"rendered":"<p>Ak sa V\u00e1m na\u0161a pr\u00e1ca p\u00e1\u010di a radi by ste n\u00e1s podporili, s rados\u0165ou pr\u00edjmeme finan\u010dn\u00e9 dary na \u010d\u00edslo \u00fa\u010dtu zdru\u017eenia Ateli\u00e9r 33: SK16 8330 0000 0027 0129 3538 Ak by ste n\u00e1s chceli podpori\u0165 inou formou, nev\u00e1hajte n\u00e1s kontaktova\u0165 na 0903 959 871 alebo na miri@atelierles.sk Vopred z cel\u00e9ho srdca \u010fakujeme! Za podporu n\u00e1\u0161ho &hellip; <a href=\"https:\/\/www.atelierles.sk\/index.php\/chcete-nas-podporit\/\" class=\"more-link\">Continue reading <span class=\"screen-reader-text\">Chcete n\u00e1s podpori\u0165?<\/span><\/a><\/p>\n","protected":false},"author":2,"featured_media":0,"parent":0,"menu_order":0,"comment_status":"closed","ping_status":"closed","template":"","meta":{"footnotes":""},"class_list":["post-8451","page","type-page","status-publish","hentry"],"_links":{"self":[{"href":"https:\/\/www.atelierles.sk\/index.php\/wp-json\/wp\/v2\/pages\/8451","targetHints":{"allow":["GET"]}}],"collection":[{"href":"https:\/\/www.atelierles.sk\/index.php\/wp-json\/wp\/v2\/pages"}],"about":[{"href":"https:\/\/www.atelierles.sk\/index.php\/wp-json\/wp\/v2\/types\/page"}],"author":[{"embeddable":true,"href":"https:\/\/www.atelierles.sk\/index.php\/wp-json\/wp\/v2\/users\/2"}],"replies":[{"embeddable":true,"href":"https:\/\/www.atelierles.sk\/index.php\/wp-json\/wp\/v2\/comments?post=8451"}],"version-history":[{"count":10,"href":"https:\/\/www.atelierles.sk\/index.php\/wp-json\/wp\/v2\/pages\/8451\/revisions"}],"predecessor-version":[{"id":8640,"href":"https:\/\/www.atelierles.sk\/index.php\/wp-json\/wp\/v2\/pages\/8451\/revisions\/8640"}],"wp:attachment":[{"href":"https:\/\/www.atelierles.sk\/index.php\/wp-json\/wp\/v2\/media?parent=8451"}],"curies":[{"name":"wp","href":"https:\/\/api.w.org\/{rel}","templated":true}]}}