{"id":8601,"date":"2025-03-28T14:41:30","date_gmt":"2025-03-28T12:41:30","guid":{"rendered":"http:\/\/www.atelierles.sk\/?page_id=8601"},"modified":"2026-02-05T11:41:38","modified_gmt":"2026-02-05T10:41:38","slug":"projekt-nato-20242025","status":"publish","type":"page","link":"https:\/\/www.atelierles.sk\/index.php\/projekt-nato-20242025\/","title":{"rendered":"Projekt NATO 2024\/2025"},"content":{"rendered":"<p style=\"text-align: justify;\"><a href=\"http:\/\/www.atelierles.sk\/wp-content\/uploads\/2025\/03\/NCB_Charity_Logo-for-use-by-funded-charities.png\" rel=\"attachment wp-att-8602\"><img loading=\"lazy\" decoding=\"async\" class=\"size-full wp-image-8602 aligncenter\" src=\"http:\/\/www.atelierles.sk\/wp-content\/uploads\/2025\/03\/NCB_Charity_Logo-for-use-by-funded-charities.png\" alt=\"NCB_Charity_Logo for use by funded charities\" width=\"640\" height=\"356\" srcset=\"https:\/\/www.atelierles.sk\/wp-content\/uploads\/2025\/03\/NCB_Charity_Logo-for-use-by-funded-charities.png 640w, https:\/\/www.atelierles.sk\/wp-content\/uploads\/2025\/03\/NCB_Charity_Logo-for-use-by-funded-charities-300x167.png 300w\" sizes=\"auto, (max-width: 640px) 100vw, 640px\" \/><\/a><\/p>\n<p style=\"text-align: justify;\">V roku 2025 sa te\u0161\u00edme z finan\u010dnej podpory od NATO Charity Bazaar, v\u010faka ktorej m\u00f4\u017eeme poskytova\u0165 de\u0165om ka\u017edodenn\u00fd kontakt s umen\u00edm a pr\u00edrodou. Spolupracujeme s r\u00f4znymi odborn\u00edkmi aby sme pripravili umeleck\u00e9 kr\u00fa\u017eky a popolud\u0148aj\u0161ie kluby pre deti r\u00f4znych vekov\u00fdch kateg\u00f3ri\u00ed. Organizujeme: kurzy tanca, v\u00fdtvarn\u00e9ho umenia, kni\u017en\u00e9 kluby, turistick\u00e9 kluby, at\u010f.<\/p>\n<p>Po\u010das \u0161kolsk\u00e9ho roku 2024\/2025 tak m\u00f4\u017eeme realizova\u0165 aj tieto aktivity:<\/p>\n<p>1\/V\u00fdtvarn\u00e9 kurzy pre deti (6-10r.)<br \/>\n2\/Kni\u017en\u00e9 kluby pre deti (6-10r.)<br \/>\n3\/V\u00fdtvarn\u00e9 kurzy pre star\u0161\u00edch \u017eiakov (10-16r.)<br \/>\n4\/Kreat\u00edvne p\u00edsanie, Rozpr\u00e1vanie \/ Divadlo (10-16r.)<br \/>\n5\/Tane\u010dn\u00e9 kurzy at\u010f. (10-16 rokov)<br \/>\n6\/Letn\u00e1 exped\u00edcia do h\u00f4r (10-16r.)<\/p>\n<p>\u010eAKUJEME!<\/p>\n<pre id=\"tw-target-text\" class=\"tw-data-text tw-text-large tw-ta\" dir=\"ltr\" data-placeholder=\"Preklad\" data-ved=\"2ahUKEwik4pzJ46yMAxUg6wIHHW_NCiUQ3ewLegQIChAU\"><\/pre>\n","protected":false},"excerpt":{"rendered":"<p>V roku 2025 sa te\u0161\u00edme z finan\u010dnej podpory od NATO Charity Bazaar, v\u010faka ktorej m\u00f4\u017eeme poskytova\u0165 de\u0165om ka\u017edodenn\u00fd kontakt s umen\u00edm a pr\u00edrodou. Spolupracujeme s r\u00f4znymi odborn\u00edkmi aby sme pripravili umeleck\u00e9 kr\u00fa\u017eky a popolud\u0148aj\u0161ie kluby pre deti r\u00f4znych vekov\u00fdch kateg\u00f3ri\u00ed. Organizujeme: kurzy tanca, v\u00fdtvarn\u00e9ho umenia, kni\u017en\u00e9 kluby, turistick\u00e9 kluby, at\u010f. Po\u010das \u0161kolsk\u00e9ho roku 2024\/2025 tak &hellip; <a href=\"https:\/\/www.atelierles.sk\/index.php\/projekt-nato-20242025\/\" class=\"more-link\">Continue reading <span class=\"screen-reader-text\">Projekt NATO 2024\/2025<\/span><\/a><\/p>\n","protected":false},"author":2,"featured_media":0,"parent":0,"menu_order":0,"comment_status":"closed","ping_status":"closed","template":"","meta":{"footnotes":""},"class_list":["post-8601","page","type-page","status-publish","hentry"],"_links":{"self":[{"href":"https:\/\/www.atelierles.sk\/index.php\/wp-json\/wp\/v2\/pages\/8601","targetHints":{"allow":["GET"]}}],"collection":[{"href":"https:\/\/www.atelierles.sk\/index.php\/wp-json\/wp\/v2\/pages"}],"about":[{"href":"https:\/\/www.atelierles.sk\/index.php\/wp-json\/wp\/v2\/types\/page"}],"author":[{"embeddable":true,"href":"https:\/\/www.atelierles.sk\/index.php\/wp-json\/wp\/v2\/users\/2"}],"replies":[{"embeddable":true,"href":"https:\/\/www.atelierles.sk\/index.php\/wp-json\/wp\/v2\/comments?post=8601"}],"version-history":[{"count":2,"href":"https:\/\/www.atelierles.sk\/index.php\/wp-json\/wp\/v2\/pages\/8601\/revisions"}],"predecessor-version":[{"id":8605,"href":"https:\/\/www.atelierles.sk\/index.php\/wp-json\/wp\/v2\/pages\/8601\/revisions\/8605"}],"wp:attachment":[{"href":"https:\/\/www.atelierles.sk\/index.php\/wp-json\/wp\/v2\/media?parent=8601"}],"curies":[{"name":"wp","href":"https:\/\/api.w.org\/{rel}","templated":true}]}}