{"id":8649,"date":"2025-10-24T16:34:07","date_gmt":"2025-10-24T14:34:07","guid":{"rendered":"http:\/\/www.atelierles.sk\/?page_id=8649"},"modified":"2026-02-05T11:41:38","modified_gmt":"2026-02-05T10:41:38","slug":"transparentnost","status":"publish","type":"page","link":"https:\/\/www.atelierles.sk\/index.php\/transparentnost\/","title":{"rendered":"Transparentnos\u0165"},"content":{"rendered":"<p data-start=\"473\" data-end=\"716\">Ob\u010dianske zdru\u017eenie Ateli\u00e9r 33, so s\u00eddlom Pri Suchom mlyne 33, Bratislava, zverej\u0148uje inform\u00e1cie v s\u00falade so z\u00e1konom \u010d. 211\/2000 Z. z. o slobodnom pr\u00edstupe k inform\u00e1ci\u00e1m a so z\u00e1sadami transparentnosti pri nakladan\u00ed s verejn\u00fdmi prostriedkami.<\/p>\n<p data-start=\"723\" data-end=\"852\">Cie\u013eom tejto sekcie je spr\u00edstupni\u0165 verejnosti v\u0161etky podstatn\u00e9 inform\u00e1cie o \u010dinnosti, hospod\u00e1ren\u00ed a zmluvn\u00fdch vz\u0165ahoch zdru\u017eenia.<\/p>\n<p data-start=\"723\" data-end=\"852\"><strong>Z\u00e1kladn\u00e9 inform\u00e1cie:<\/strong><\/p>\n<ul>\n<li data-start=\"1067\" data-end=\"1110\">\n<p data-start=\"1069\" data-end=\"1110\">N\u00e1zov: <em data-start=\"1076\" data-end=\"1108\">Ob\u010dianske zdru\u017eenie Ateli\u00e9r 33<\/em><\/p>\n<\/li>\n<li data-start=\"1111\" data-end=\"1162\">\n<p data-start=\"1113\" data-end=\"1162\">S\u00eddlo: <em data-start=\"1120\" data-end=\"1160\">Pri Suchom mlyne 33, 811 04 Bratislava<\/em><\/p>\n<\/li>\n<li data-start=\"1163\" data-end=\"1183\">\n<p data-start=\"1165\" data-end=\"1183\">I\u010cO: <em>42415179<\/em><\/p>\n<\/li>\n<li data-start=\"1184\" data-end=\"1226\">\n<p data-start=\"1186\" data-end=\"1226\">\u0160tatut\u00e1rny z\u00e1stupca: <em>Mgr. Miroslava \u017deni\u0161ov\u00e1<\/em><\/p>\n<\/li>\n<li data-start=\"1227\" data-end=\"1274\">\n<p data-start=\"1229\" data-end=\"1274\">E-mail pre info\u017eiados\u0165: miri<em data-start=\"1253\" data-end=\"1272\"><a class=\"decorated-link cursor-pointer\" rel=\"noopener\" data-start=\"1254\" data-end=\"1271\">@atelierles.sk<\/a><\/em><\/p>\n<\/li>\n<\/ul>\n<div><\/div>\n<div><strong>Zmluvy:<\/strong><\/div>\n<div>\n<p data-start=\"1635\" data-end=\"1796\">V tejto \u010dasti zverej\u0148ujeme zmluvy, ktor\u00e9 boli uzavret\u00e9 s verejn\u00fdmi in\u0161tit\u00faciami alebo financovan\u00e9 z verejn\u00fdch zdrojov, v s\u00falade s \u00a7 5a z\u00e1kona \u010d. 211\/2000 Z. z. Zmluvy nadob\u00fadaj\u00fa \u00fa\u010dinnos\u0165 d\u0148om ich zverejnenia.<\/p>\n<p data-start=\"1803\" data-end=\"1851\"><a href=\"https:\/\/docs.google.com\/spreadsheets\/d\/1XeU6sDMZve-tIfXThRy8EVM3h2fvXAcZY4jFTAw7AI4\/edit?usp=sharing\">Link na zmluvy.<\/a><\/p>\n<p data-start=\"1803\" data-end=\"1851\"><strong>Objedn\u00e1vky a fakt\u00fary:<\/strong><\/p>\n<p data-start=\"1803\" data-end=\"1851\">Pre zabezpe\u010denie transparentnosti zverej\u0148ujeme preh\u013ead objedn\u00e1vok a fakt\u00far s\u00favisiacich s \u010dinnos\u0165ou zdru\u017eenia financovanou z verejn\u00fdch zdrojov.<br data-start=\"2510\" data-end=\"2513\" \/> Osobn\u00e9 \u00fadaje dod\u00e1vate\u013eov a fyzick\u00fdch os\u00f4b s\u00fa anonymizovan\u00e9.<\/p>\n<p data-start=\"1803\" data-end=\"1851\"><a href=\"https:\/\/docs.google.com\/spreadsheets\/d\/1XeU6sDMZve-tIfXThRy8EVM3h2fvXAcZY4jFTAw7AI4\/edit?usp=sharing\">Link na objedn\u00e1vky a fakt\u00fary<\/a><\/p>\n<p data-start=\"1803\" data-end=\"1851\"><strong>V\u00fdro\u010dn\u00e9 spr\u00e1vy:<\/strong><\/p>\n<p data-start=\"1803\" data-end=\"1851\">V\u00fdro\u010dn\u00e9 spr\u00e1vy obsahuj\u00fa preh\u013ead \u010dinnost\u00ed, \u00fa\u010dtovn\u00e9 v\u00fdsledky a inform\u00e1cie o vyu\u017eit\u00ed verejn\u00fdch prostriedkov v danom roku.<\/p>\n<p data-start=\"1803\" data-end=\"1851\"><a href=\"http:\/\/www.atelierles.sk\/index.php\/obcianske-zdruzenie-atelier-33\/\">V\u00fdro\u010dn\u00e9 spr\u00e1vy<\/a><\/p>\n<p data-start=\"1803\" data-end=\"1851\"><strong>Projekty a dot\u00e1cie:<\/strong><\/p>\n<p data-start=\"1803\" data-end=\"1851\">Zdru\u017eenie Ateli\u00e9r 33 realizuje viacer\u00e9 projekty podporen\u00e9 z verejn\u00fdch zdrojov, grantov\u00fdch programov a darov. Tu n\u00e1jdete stru\u010dn\u00fd opis aktu\u00e1lnych projektov, partnerov a v\u00fd\u0161ku poskytnutej podpory.<\/p>\n<p data-start=\"1803\" data-end=\"1851\"><a href=\"http:\/\/www.atelierles.sk\/index.php\/projekt-nato-20242025\/\">Link na projekty a dot\u00e1cie<\/a><\/p>\n<p data-start=\"1803\" data-end=\"1851\"><strong>Info\u017eiados\u0165:<\/strong><\/p>\n<p data-start=\"3948\" data-end=\"4080\">Ak m\u00e1te z\u00e1ujem o spr\u00edstupnenie inform\u00e1ci\u00ed pod\u013ea z\u00e1kona \u010d. 211\/2000 Z. z. o slobodnom pr\u00edstupe k inform\u00e1ci\u00e1m, m\u00f4\u017eete poda\u0165 \u017eiados\u0165:<\/p>\n<p data-start=\"4087\" data-end=\"4211\">\ud83d\udce7 <strong data-start=\"4090\" data-end=\"4101\">E-mail:<\/strong> miri<a class=\"decorated-link cursor-pointer\" rel=\"noopener\" data-start=\"4102\" data-end=\"4119\">@atelierles.sk<\/a><\/p>\n<p data-start=\"4087\" data-end=\"4211\">\ud83c\udfe2 <strong data-start=\"4127\" data-end=\"4138\">Po\u0161tou:<\/strong> Ob\u010dianske zdru\u017eenie Ateli\u00e9r 33, Pri Suchom mlyne 33, 811 04 Bratislava<\/p>\n<p data-start=\"4218\" data-end=\"4330\">Postup spracovania \u017eiadost\u00ed je upraven\u00fd v internej smernici <a href=\"https:\/\/drive.google.com\/file\/d\/1XjB3vtzGEaNJSSYU0FLkrzcODUuOYP3y\/view?usp=drive_link\">Smernica \u010d. 13\/2025 \u2013 spracovanie info\u017eiad<\/a>ost\u00ed<\/p>\n<p data-start=\"4218\" data-end=\"4330\">Ka\u017ed\u00e1 \u017eiados\u0165 je vybaven\u00e1 do 8 pracovn\u00fdch dn\u00ed; v od\u00f4vodnen\u00fdch pr\u00edpadoch sa lehota m\u00f4\u017ee pred\u013a\u017ei\u0165 o \u010fal\u0161\u00edch 8 dn\u00ed.<\/p>\n<\/div>\n<p>&nbsp;<\/p>\n","protected":false},"excerpt":{"rendered":"<p>Ob\u010dianske zdru\u017eenie Ateli\u00e9r 33, so s\u00eddlom Pri Suchom mlyne 33, Bratislava, zverej\u0148uje inform\u00e1cie v s\u00falade so z\u00e1konom \u010d. 211\/2000 Z. z. o slobodnom pr\u00edstupe k inform\u00e1ci\u00e1m a so z\u00e1sadami transparentnosti pri nakladan\u00ed s verejn\u00fdmi prostriedkami. Cie\u013eom tejto sekcie je spr\u00edstupni\u0165 verejnosti v\u0161etky podstatn\u00e9 inform\u00e1cie o \u010dinnosti, hospod\u00e1ren\u00ed a zmluvn\u00fdch vz\u0165ahoch zdru\u017eenia. Z\u00e1kladn\u00e9 inform\u00e1cie: N\u00e1zov: Ob\u010dianske &hellip; <a href=\"https:\/\/www.atelierles.sk\/index.php\/transparentnost\/\" class=\"more-link\">Continue reading <span class=\"screen-reader-text\">Transparentnos\u0165<\/span><\/a><\/p>\n","protected":false},"author":2,"featured_media":0,"parent":0,"menu_order":0,"comment_status":"closed","ping_status":"closed","template":"","meta":{"footnotes":""},"class_list":["post-8649","page","type-page","status-publish","hentry"],"_links":{"self":[{"href":"https:\/\/www.atelierles.sk\/index.php\/wp-json\/wp\/v2\/pages\/8649","targetHints":{"allow":["GET"]}}],"collection":[{"href":"https:\/\/www.atelierles.sk\/index.php\/wp-json\/wp\/v2\/pages"}],"about":[{"href":"https:\/\/www.atelierles.sk\/index.php\/wp-json\/wp\/v2\/types\/page"}],"author":[{"embeddable":true,"href":"https:\/\/www.atelierles.sk\/index.php\/wp-json\/wp\/v2\/users\/2"}],"replies":[{"embeddable":true,"href":"https:\/\/www.atelierles.sk\/index.php\/wp-json\/wp\/v2\/comments?post=8649"}],"version-history":[{"count":5,"href":"https:\/\/www.atelierles.sk\/index.php\/wp-json\/wp\/v2\/pages\/8649\/revisions"}],"predecessor-version":[{"id":8655,"href":"https:\/\/www.atelierles.sk\/index.php\/wp-json\/wp\/v2\/pages\/8649\/revisions\/8655"}],"wp:attachment":[{"href":"https:\/\/www.atelierles.sk\/index.php\/wp-json\/wp\/v2\/media?parent=8649"}],"curies":[{"name":"wp","href":"https:\/\/api.w.org\/{rel}","templated":true}]}}