{"id":8696,"date":"2026-05-06T14:20:52","date_gmt":"2026-05-06T12:20:52","guid":{"rendered":"https:\/\/www.atelierles.sk\/?page_id=8696"},"modified":"2026-05-07T13:15:33","modified_gmt":"2026-05-07T11:15:33","slug":"dokumenty-szs-atelier","status":"publish","type":"page","link":"https:\/\/www.atelierles.sk\/index.php\/skola-slobodneho-ucenia-atelier-les\/dokumenty-szs-atelier\/","title":{"rendered":"Dokumenty SZ\u0160 Ateli\u00e9r"},"content":{"rendered":"<p><strong>Dokumenty SZ\u0160 Ateli\u00e9r<\/strong><\/p>\n<p><a href=\"http:\/\/www.atelierles.sk\/wp-content\/uploads\/2026\/05\/Skolsky-poriadok.pdf\">\u0160kolsk\u00fd poriadok 2025\/26<\/a><br \/>\n<a href=\"http:\/\/www.atelierles.sk\/wp-content\/uploads\/2026\/05\/Zriadovacia-listina_scan.pdf\">Zria\u010fovacia listina_scan<\/a><br \/>\n<a href=\"http:\/\/www.atelierles.sk\/wp-content\/uploads\/2026\/05\/Menovaci-dekret-podpisany.pdf\">Menovac\u00ed dekr\u00e9t podp\u00edsan\u00fd<\/a><br \/>\n<a href=\"http:\/\/www.atelierles.sk\/wp-content\/uploads\/2026\/05\/Inovovany-skolsky-vzdelavaci-plan-SZS-Atelier.pdf\">Inovovan\u00fd \u0161kolsk\u00fd vzdel\u00e1vac\u00ed pl\u00e1n SZ\u0160 Ateli\u00e9r<\/a><\/p>\n<p><strong>Rada \u0161koly (dokumenty)<\/strong><\/p>\n<p><a href=\"http:\/\/www.atelierles.sk\/wp-content\/uploads\/2026\/05\/01_Rozhodnutie-o-zriadeni-rady-skoly-28.8.2025_scan.pdf\">01_Rozhodnutie o zriaden\u00ed rady \u0161koly 28.8.2025_scan<\/a><br \/>\n<a href=\"http:\/\/www.atelierles.sk\/wp-content\/uploads\/2026\/05\/02_Rada-skoly-1.9.2025_schvalenie-SVP.pdf\">02_Rada \u0161koly 1.9.2025_schv\u00e1lenie \u0160VP<\/a><br \/>\n<a href=\"http:\/\/www.atelierles.sk\/wp-content\/uploads\/2026\/05\/03_Zmena-zlozenia-rady-skoly-1.1.2026.pdf\">03_Zmena zlo\u017eenia rady \u0161koly 1.1.2026<\/a><br \/>\n<a href=\"http:\/\/www.atelierles.sk\/wp-content\/uploads\/2026\/05\/04_Rada-skoly-16.3.2026-SKD.pdf\">04_Rada \u0161koly 16.3.2026 \u0160KD<\/a><\/p>\n<p><strong>Pedagogick\u00e1 rada (dokumenty)<\/strong><\/p>\n<p><a href=\"http:\/\/www.atelierles.sk\/wp-content\/uploads\/2026\/05\/01_Pedagogicka-rada-1.9.2025.pdf\">01_Pedagogick\u00e1 rada 1.9.2025<\/a><br \/>\n<a href=\"http:\/\/www.atelierles.sk\/wp-content\/uploads\/2026\/05\/02_Pedagogicka-rada-27.1.2026.pdf\">02_Pedagogick\u00e1 rada 27.1.2026<\/a><\/p>\n","protected":false},"excerpt":{"rendered":"<p>Dokumenty SZ\u0160 Ateli\u00e9r \u0160kolsk\u00fd poriadok 2025\/26 Zria\u010fovacia listina_scan Menovac\u00ed dekr\u00e9t podp\u00edsan\u00fd Inovovan\u00fd \u0161kolsk\u00fd vzdel\u00e1vac\u00ed pl\u00e1n SZ\u0160 Ateli\u00e9r Rada \u0161koly (dokumenty) 01_Rozhodnutie o zriaden\u00ed rady \u0161koly 28.8.2025_scan 02_Rada \u0161koly 1.9.2025_schv\u00e1lenie \u0160VP 03_Zmena zlo\u017eenia rady \u0161koly 1.1.2026 04_Rada \u0161koly 16.3.2026 \u0160KD Pedagogick\u00e1 rada (dokumenty) 01_Pedagogick\u00e1 rada 1.9.2025 02_Pedagogick\u00e1 rada 27.1.2026<\/p>\n","protected":false},"author":2,"featured_media":0,"parent":67,"menu_order":1,"comment_status":"closed","ping_status":"closed","template":"","meta":{"footnotes":""},"class_list":["post-8696","page","type-page","status-publish","hentry"],"_links":{"self":[{"href":"https:\/\/www.atelierles.sk\/index.php\/wp-json\/wp\/v2\/pages\/8696","targetHints":{"allow":["GET"]}}],"collection":[{"href":"https:\/\/www.atelierles.sk\/index.php\/wp-json\/wp\/v2\/pages"}],"about":[{"href":"https:\/\/www.atelierles.sk\/index.php\/wp-json\/wp\/v2\/types\/page"}],"author":[{"embeddable":true,"href":"https:\/\/www.atelierles.sk\/index.php\/wp-json\/wp\/v2\/users\/2"}],"replies":[{"embeddable":true,"href":"https:\/\/www.atelierles.sk\/index.php\/wp-json\/wp\/v2\/comments?post=8696"}],"version-history":[{"count":4,"href":"https:\/\/www.atelierles.sk\/index.php\/wp-json\/wp\/v2\/pages\/8696\/revisions"}],"predecessor-version":[{"id":8713,"href":"https:\/\/www.atelierles.sk\/index.php\/wp-json\/wp\/v2\/pages\/8696\/revisions\/8713"}],"up":[{"embeddable":true,"href":"https:\/\/www.atelierles.sk\/index.php\/wp-json\/wp\/v2\/pages\/67"}],"wp:attachment":[{"href":"https:\/\/www.atelierles.sk\/index.php\/wp-json\/wp\/v2\/media?parent=8696"}],"curies":[{"name":"wp","href":"https:\/\/api.w.org\/{rel}","templated":true}]}}